{"id":4318,"date":"2024-05-31T17:45:09","date_gmt":"2024-05-31T15:45:09","guid":{"rendered":"https:\/\/hyll.education\/informativa-sulla-privacy\/"},"modified":"2025-07-16T12:57:22","modified_gmt":"2025-07-16T10:57:22","slug":"informativa-sulla-privacy","status":"publish","type":"page","link":"https:\/\/hyll.education\/it\/informativa-sulla-privacy\/","title":{"rendered":"Informativa sulla privacy"},"content":{"rendered":"<div class=\"row\">\n<div class=\"col-xl-10 mx-auto\">\n<div class=\"paper\">\n<header class=\"text-center\">\n<h3><b>Protezione dei dati personali secondo il GDPR<\/b><\/h3>\n<p><span style=\"font-weight: 400;\">Hyll Consulting OE, in applicazione della normativa vigente in materia di protezione dei dati personali, informa che i dati personali che vengono raccolti tramite i formulari del sito web: https:\/\/hyll.education, sono inclusi nei file automatizzati specifici degli utenti dei servizi di Hyll Consulting OE.<\/span><\/p>\n<p><span style=\"font-weight: 400;\">Il recupero e il trattamento automatizzato dei dati personali ha come obiettivo il mantenimento della relazione commerciale e lo svolgimento di attivit\u00e0 di informazione, formazione, consulenza e altre attivit\u00e0 proprie di Hyll Consulting OE.<\/span><\/p>\n<p><span style=\"font-weight: 400;\">Questi dati vengono ceduti solo a quelle entit\u00e0 che ne hanno bisogno, con l&#8217;unico obiettivo di dare un seguito alla finalit\u00e0 precedentemente esposta.<\/span><\/p>\n<p><span style=\"font-weight: 400;\">Hyll Consulting OE adotta le misure necessarie per garantire la sicurezza, l\u2019integrit\u00e0 e la riservatezza dei dati, conformemente a quanto previsto dal Regolamento (UE) 2016\/679 del Parlamento Europeo e del Consiglio, del 27 aprile 2016, relativo alla protezione delle persone fisiche con riguardo al trattamento dei dati personali e alla libera circolazione di tali dati, nonch\u00e9, in sostituzione della precedente LOPD, dalla nuova Legge Organica 3\/2018 del 5 dicembre sulla Protezione dei Dati Personali e Garanzia dei Diritti Digitali (LOPDGDD).<\/span><\/p>\n<p><span style=\"font-weight: 400;\">L&#8217;utente pu\u00f2 in qualsiasi momento esercitare i diritti di accesso, opposizione, rettifica, cancellazione, limitazione e portabilit\u00e0 riconosciuti dal citato Regolamento (UE). L&#8217;esercizio di tali diritti pu\u00f2 essere esercitato dal proprio utente tramite e-mail all&#8217;indirizzo: amurirose@hyllconsulting.com o alla direzione: C\/ Quart, 111, C.P. 46008 &#8211; Valencia (Valencia). <\/span><\/p>\n<p><span style=\"font-weight: 400;\">L&#8217;utente manifesta che tutti i dati facilitati da lui sono certi e corretti, e si compromette a mantenerli aggiornati, comunicando i cambiamenti a Hyll Consulting OE<\/span><\/p>\n<h4><b>Finalit\u00e1 del trattamento dei dati personali:<\/b><\/h4>\n<h4><b>Con quale finalit\u00e0 trattiamo i tuoi dati personali?<\/b><\/h4>\n<p><span style=\"font-weight: 400;\">Noi di Hyll Consulting OE tratteremo i tuoi dati personali raccolti tramite il sito web: https:\/\/hyll.education, con le seguenti finalit\u00e0:<\/span><\/p>\n<ol>\n<li style=\"font-weight: 400;\" aria-level=\"1\"><span style=\"font-weight: 400;\">Dar seguito agli obblighi commerciali, lavorativi, aziendali e societari dell&#8217;azienda.<\/span><\/li>\n<li style=\"font-weight: 400;\" aria-level=\"1\"><span style=\"font-weight: 400;\">Invio di informazioni commerciali e bollettini sui nuovi servizi offerti nel web e nel settore.<\/span><\/li>\n<li style=\"font-weight: 400;\" aria-level=\"1\"><span style=\"font-weight: 400;\">La trasmissione di dati a terzi con i quali sono stati stipulati contratti con questo oggetto, per fini commerciali, contrattuali, amministrativi, di mercato e\/o operativi.<\/span><\/li>\n<li style=\"font-weight: 400;\" aria-level=\"1\"><span style=\"font-weight: 400;\">Enviar informaci\u00f3n promocional v\u00eda electr\u00f3nica.<\/span><\/li>\n<li style=\"font-weight: 400;\" aria-level=\"1\"><span style=\"font-weight: 400;\">Facilitare le informazioni richieste dall&#8217;utente attraverso il formulario di contatto.\n<p><\/span><\/li>\n<\/ol>\n<p><span style=\"font-weight: 400;\">Ti ricordiamo che puoi optare per l&#8217;invio di comunicazioni commerciali per qualsiasi via e in qualsiasi momento, inviando una lettera elettronica alla direzione precedentemente indicata.<\/span><\/p>\n<p><span style=\"font-weight: 400;\">I campi di questi registri sono a compilazione obbligatoria, essendo impossibile realizzare le finalit\u00e0 espresse se non si forniscono questi dati.<\/span><\/p>\n<h4><b>Per quanto tempo si conservano i dati personali?<\/b><\/h4>\n<p><span style=\"font-weight: 400;\">I dati personali forniti saranno conservati fintanto che si manterr\u00e0 la relazione commerciale o non si solleciter\u00e0 la loro sovranit\u00e0 e durante il periodo in cui potranno derivare le responsabilit\u00e0 legali per i servizi prestati.<\/span><\/p>\n<h4><strong>Legittimit\u00e0:<\/strong><\/h4>\n<p><span style=\"font-weight: 400;\">Il trattamento dei tuoi dati \u00e8 realizzato con le seguenti basi giuridiche che lo legittimano:<\/span><\/p>\n<ol>\n<li style=\"font-weight: 400;\" aria-level=\"1\"><span style=\"font-weight: 400;\">La richiesta di informazioni e\/o la contrattazione dei servizi di Hyll Consulting OE, i cui termini e condizioni sono messi a tua disposizione in ogni caso, \u00e8 una forma preliminare a un&#8217;eventuale contrattazione.<\/span><\/li>\n<li style=\"font-weight: 400;\" aria-level=\"1\"><span style=\"font-weight: 400;\">El consentimiento libre, espec\u00edfico, informado e inequ\u00edvoco, en tanto que te informamos poniendo a tu disposici\u00f3n la presente pol\u00edtica de privacidad, que tras la lectura de la misma, en caso de estar conforme, puedes aceptar mediante una declaraci\u00f3n o una clara acci\u00f3n afirmativa, como el marcado de una casilla dispuesta al efecto.\n<p><\/span><\/li>\n<\/ol>\n<p><span style=\"font-weight: 400;\">Nel caso in cui non ci facilitino i tuoi dati o lo facciano in forma errata o incompleta, non potremo dare seguito alla tua richiesta, risultando del tutto impossibile fornirti le informazioni richieste o portare a termine la contrattazione dei servizi.<\/span><\/p>\n<h4><strong>Destinatarios:<\/strong><\/h4>\n<p><span style=\"font-weight: 400;\">I dati non saranno comunicati a nessun altro utente di Hyll Consulting OE, salvo obblighi legali.<\/span><\/p>\n<p><span style=\"font-weight: 400;\">Abbiamo scelto servizi di hosting ubicati all&#8217;interno dello Spazio Economico Europeo, negli Stati Uniti, considerati un destino sicuro per il trasferimento internazionale di dati, in virt\u00f9 del Privacy Shield (Escudo de Privacidad).<\/span><\/p>\n<h4><strong>Dati raccolti dagli utenti dei servizi<\/strong><\/h4>\n<p><span style=\"font-weight: 400;\">Nei casi in cui l&#8217;utente includa nei servizi di condivisione dei dati di carattere personale, Hyll Consulting OE non \u00e8 responsabile dell&#8217;inadempimento da parte dell&#8217;utente del RGPD.<\/span><\/p>\n<h4><strong>Diritti di propriet\u00e0 intellettuale<\/strong><\/h4>\n<p><span style=\"font-weight: 400;\">Hyll Consulting OE \u00e8 titolare di tutti i diritti d&#8217;autore, di propriet\u00e0 intellettuale, industriale, di &#8220;know how&#8221; e di tutti gli altri diritti che si riferiscono ai contenuti del sito web https:\/\/hyll.education e ai servizi offerti, nonch\u00e9 dei programmi necessari per la loro implementazione e delle relative informazioni.<\/span><\/p>\n<p><span style=\"font-weight: 400;\">Non \u00e8 consentita la riproduzione, la pubblicazione e\/o l&#8217;uso non strettamente privato dei contenuti, totali o parziali, del sito web https:\/\/hyll.education senza il previo consenso scritto.<\/span><\/p>\n<h4><strong>Propriet\u00e0 intellettuale del software<\/strong><\/h4>\n<p><span style=\"font-weight: 400;\">L&#8217;utente deve rispettare i programmi di terzi messi a disposizione da Hyll Consulting OE, anche se gratuiti e\/o a disposizione del pubblico.<\/span><\/p>\n<p><span style=\"font-weight: 400;\">Hyll Consulting OE dispone dei diritti di sfruttamento e di propriet\u00e0 intellettuale necessari per il software.<\/span><\/p>\n<p><span style=\"font-weight: 400;\">L&#8217;utente non acquisisce alcun diritto di propriet\u00e0 o di licenza per il servizio offerto, per il software necessario per l&#8217;erogazione del servizio, n\u00e9 per le informazioni tecniche di follow-up del servizio, ad eccezione dei diritti e delle licenze necessarie per l&#8217;erogazione dei servizi offerti e solo per la durata degli stessi.<\/span><\/p>\n<p><span style=\"font-weight: 400;\">Per qualsiasi azione che esuli dal rispetto del contratto, l&#8217;utente dovr\u00e0 ottenere l&#8217;autorizzazione scritta da parte di Hyll Consulting OE, vietando all&#8217;utente di accedere, modificare, visualizzare la configurazione, configurazione, la struttura e i file dei server di propriet\u00e0 di Hyll Consulting OE, assumendo la responsabilit\u00e0 civile e penale derivante da qualsiasi incidente che possa prodursi nei server e nei sistemi di sicurezza come conseguenza diretta di un&#8217;azione negligente o dolosa da parte sua.<\/span><\/p>\n<h4><strong>Propriet\u00e0 intellettuale dei contenuti ospitati<\/strong><\/h4>\n<p><span style=\"font-weight: 400;\">\u00c8 vietato qualsiasi utilizzo contrario alla normativa sulla propriet\u00e0 intellettuale dei servizi forniti da Hyll Consulting OE e, in particolare, di:<\/span><\/p>\n<ol>\n<li style=\"font-weight: 400;\" aria-level=\"1\"><span style=\"font-weight: 400;\">L&#8217;utilizzo che risulta contrario alle leggi espa\u00f1olas o che infrange i diritti dei terzi.<\/span><\/li>\n<li style=\"font-weight: 400;\" aria-level=\"1\"><span style=\"font-weight: 400;\">La pubblicazione o la trasmissione di qualsiasi contenuto che, a giudizio di Hyll Consulting OE, risulti violento, osceno, abusivo, illegale, razziale, xenofobo o diffamatorio.<\/span><\/li>\n<li style=\"font-weight: 400;\" aria-level=\"1\"><span style=\"font-weight: 400;\">I crack, i numeri di serie di programmi o qualsiasi altro contenuto che possa ledere i diritti di propriet\u00e0 intellettuale di terzi.<\/span><\/li>\n<li style=\"font-weight: 400;\" aria-level=\"1\"><span style=\"font-weight: 400;\">La raccolta e\/o l\u2019utilizzo di dati personali di altri utenti senza il loro consenso esplicito o in violazione di quanto previsto dal Regolamento (UE) 2016\/679 del Parlamento Europeo e del Consiglio, del 27 aprile 2016, relativo alla protezione delle persone fisiche con riguardo al trattamento dei dati personali e alla libera circolazione di tali dati.<\/span><\/li>\n<li style=\"font-weight: 400;\" aria-level=\"1\"><span style=\"font-weight: 400;\">L&#8217;utilizzo del servidor de correo del dominio e delle direzioni di posta elettronica per l&#8217;invio di posta elettronica non \u00e8 necessario.\n<p><\/span><\/li>\n<\/ol>\n<p><span style=\"font-weight: 400;\">L&#8217;utente ha tutta la responsabilit\u00e0 sui contenuti del suo sito web, sulle informazioni trasmesse e archiviate, sui link di approfondimento, sulle rivendicazioni di terzi e sulle azioni legali in riferimento alla propriet\u00e0 intellettuale, ai diritti di terzi e alla tutela dei minori.<\/span><\/p>\n<p><span style=\"font-weight: 400;\">L&#8217;utente \u00e8 responsabile nei confronti delle leggi e dei regolamenti in vigore e delle norme che si applicano al funzionamento del servizio online, al commercio elettronico, ai diritti d&#8217;autore, al mantenimento dell&#8217;ordine pubblico e ai principi universali di utilizzo di Internet.<\/span><\/p>\n<p><span style=\"font-weight: 400;\">L&#8217;utente indennizzer\u00e0 Hyll Consulting OE per i costi che generano l&#8217;imputazione di Hyll Consulting OE in qualsiasi causa la cui responsabilit\u00e0 fosse attribuibile all&#8217;utente, compresi onorari e costi di difesa legale, anche nel caso di una decisione giudiziaria non definitiva.<\/span><\/p>\n<h4><strong>Protezione delle informazioni in albergo<\/strong><\/h4>\n<p><span style=\"font-weight: 400;\">Hyll Consulting OE effettua copie di backup dei contenuti ospitati sui propri server; tuttavia, non si assume alcuna responsabilit\u00e0 per la perdita o la cancellazione accidentale dei dati da parte degli utenti. Allo stesso modo, non garantisce il ripristino completo dei dati eliminati dagli utenti, in quanto tali dati potrebbero essere stati cancellati e\/o modificati nel periodo trascorso dall\u2019ultimo backup. <\/span><\/p>\n<p><span style=\"font-weight: 400;\">I servizi offerti, ad eccezione dei servizi specifici di backup, non includono il recupero dei contenuti conservati nelle copie di sicurezza realizzate da Hyll Consulting OE, qualora tale perdita sia imputabile all&#8217;utente; in tal caso, verr\u00e0 determinata una tariffa adeguata alla completezza e al volume del recupero, sempre previa accettazione dell&#8217;utente.<\/span><\/p>\n<p><span style=\"font-weight: 400;\">Il rimborso dei dati borrados \u00e8 incluso nel prezzo del servizio solo quando la perdita dei contenuti \u00e8 dovuta a cause imputabili a Hyll Consulting OE.<\/span><\/p>\n<h4><strong>Comunicazioni commerciali<\/strong><\/h4>\n<p><span style=\"font-weight: 400;\">In applicazione della LSSI. Hyll Consulting OE non invier\u00e0 comunicazioni pubblicitarie o promozionali via correo electr\u00f3nico o altro mezzo di comunicazione electr\u00f3nica equivalente che precedentemente non siano state sollecitate o espressamente autorizzate dai destinatari delle stesse. <\/span><\/p>\n<p><span style=\"font-weight: 400;\">Nel caso di utenti con i quali esiste una relazione contrattuale precedente, Hyll Consulting OE \u00e8 autorizzata all&#8217;invio di comunicazioni commerciali relative a prodotti o servizi di Hyll Consulting OE che siano simili a quelli che in un primo momento sono stati oggetto di contratto con il cliente.<\/span><\/p>\n<p><span style=\"font-weight: 400;\">In tutti i casi, l&#8217;utente, dopo aver accreditato la propria identit\u00e0, pu\u00f2 richiedere che non gli vengano fornite ulteriori informazioni commerciali attraverso i canali di assistenza al cliente.<\/span><\/p>\n<\/header>\n<\/div>\n<\/div>\n<\/div>\n","protected":false},"excerpt":{"rendered":"<p>Protezione dei dati personali secondo il GDPR Hyll Consulting OE, in applicazione della normativa vigente in materia di protezione dei dati personali, informa che i dati personali che vengono raccolti tramite i formulari del sito web: https:\/\/hyll.education, sono inclusi nei file automatizzati specifici degli utenti dei servizi di Hyll Consulting OE. Il recupero e il [&hellip;]<\/p>\n","protected":false},"author":1,"featured_media":0,"parent":0,"menu_order":0,"comment_status":"closed","ping_status":"open","template":"","meta":{"_acf_changed":false,"_monsterinsights_skip_tracking":false,"_monsterinsights_sitenote_active":false,"_monsterinsights_sitenote_note":"","_monsterinsights_sitenote_category":0,"footnotes":""},"class_list":["post-4318","page","type-page","status-publish","hentry"],"acf":[],"yoast_head":"<!-- This site is optimized with the Yoast SEO Premium plugin v27.4 (Yoast SEO v27.4) - https:\/\/yoast.com\/product\/yoast-seo-premium-wordpress\/ -->\n<title>Informativa sulla privacy - Hyll<\/title>\n<meta name=\"robots\" content=\"index, follow, max-snippet:-1, max-image-preview:large, max-video-preview:-1\" \/>\n<link rel=\"canonical\" href=\"https:\/\/hyll.education\/it\/informativa-sulla-privacy\/\" \/>\n<meta property=\"og:locale\" content=\"it_IT\" \/>\n<meta property=\"og:type\" content=\"article\" \/>\n<meta property=\"og:title\" content=\"Informativa sulla privacy\" \/>\n<meta property=\"og:description\" content=\"Protezione dei dati personali secondo il GDPR Hyll Consulting OE, in applicazione della normativa vigente in materia di protezione dei dati personali, informa che i dati personali che vengono raccolti tramite i formulari del sito web: https:\/\/hyll.education, sono inclusi nei file automatizzati specifici degli utenti dei servizi di Hyll Consulting OE. Il recupero e il [&hellip;]\" \/>\n<meta property=\"og:url\" content=\"https:\/\/hyll.education\/it\/informativa-sulla-privacy\/\" \/>\n<meta property=\"og:site_name\" content=\"Hyll\" \/>\n<meta property=\"article:modified_time\" content=\"2025-07-16T10:57:22+00:00\" \/>\n<meta name=\"twitter:card\" content=\"summary_large_image\" \/>\n<meta name=\"twitter:label1\" content=\"Tempo di lettura stimato\" \/>\n\t<meta name=\"twitter:data1\" content=\"7 minuti\" \/>\n<script type=\"application\/ld+json\" class=\"yoast-schema-graph\">{\"@context\":\"https:\\\/\\\/schema.org\",\"@graph\":[{\"@type\":\"WebPage\",\"@id\":\"https:\\\/\\\/hyll.education\\\/it\\\/informativa-sulla-privacy\\\/\",\"url\":\"https:\\\/\\\/hyll.education\\\/it\\\/informativa-sulla-privacy\\\/\",\"name\":\"Informativa sulla privacy - Hyll\",\"isPartOf\":{\"@id\":\"https:\\\/\\\/hyll.education\\\/it\\\/#website\"},\"datePublished\":\"2024-05-31T15:45:09+00:00\",\"dateModified\":\"2025-07-16T10:57:22+00:00\",\"breadcrumb\":{\"@id\":\"https:\\\/\\\/hyll.education\\\/it\\\/informativa-sulla-privacy\\\/#breadcrumb\"},\"inLanguage\":\"it-IT\",\"potentialAction\":[{\"@type\":\"ReadAction\",\"target\":[\"https:\\\/\\\/hyll.education\\\/it\\\/informativa-sulla-privacy\\\/\"]}]},{\"@type\":\"BreadcrumbList\",\"@id\":\"https:\\\/\\\/hyll.education\\\/it\\\/informativa-sulla-privacy\\\/#breadcrumb\",\"itemListElement\":[{\"@type\":\"ListItem\",\"position\":1,\"name\":\"Home\",\"item\":\"https:\\\/\\\/hyll.education\\\/it\\\/\"},{\"@type\":\"ListItem\",\"position\":2,\"name\":\"Informativa sulla privacy\"}]},{\"@type\":\"WebSite\",\"@id\":\"https:\\\/\\\/hyll.education\\\/it\\\/#website\",\"url\":\"https:\\\/\\\/hyll.education\\\/it\\\/\",\"name\":\"Hyll\",\"description\":\"College Consulting\",\"publisher\":{\"@id\":\"https:\\\/\\\/hyll.education\\\/it\\\/#organization\"},\"potentialAction\":[{\"@type\":\"SearchAction\",\"target\":{\"@type\":\"EntryPoint\",\"urlTemplate\":\"https:\\\/\\\/hyll.education\\\/it\\\/?s={search_term_string}\"},\"query-input\":{\"@type\":\"PropertyValueSpecification\",\"valueRequired\":true,\"valueName\":\"search_term_string\"}}],\"inLanguage\":\"it-IT\"},{\"@type\":\"Organization\",\"@id\":\"https:\\\/\\\/hyll.education\\\/it\\\/#organization\",\"name\":\"Hyll\",\"url\":\"https:\\\/\\\/hyll.education\\\/it\\\/\",\"logo\":{\"@type\":\"ImageObject\",\"inLanguage\":\"it-IT\",\"@id\":\"https:\\\/\\\/hyll.education\\\/it\\\/#\\\/schema\\\/logo\\\/image\\\/\",\"url\":\"https:\\\/\\\/hyll.education\\\/wp-content\\\/uploads\\\/2024\\\/07\\\/Recurso-1.svg\",\"contentUrl\":\"https:\\\/\\\/hyll.education\\\/wp-content\\\/uploads\\\/2024\\\/07\\\/Recurso-1.svg\",\"width\":139,\"height\":57,\"caption\":\"Hyll\"},\"image\":{\"@id\":\"https:\\\/\\\/hyll.education\\\/it\\\/#\\\/schema\\\/logo\\\/image\\\/\"}}]}<\/script>\n<!-- \/ Yoast SEO Premium plugin. -->","yoast_head_json":{"title":"Informativa sulla privacy - Hyll","robots":{"index":"index","follow":"follow","max-snippet":"max-snippet:-1","max-image-preview":"max-image-preview:large","max-video-preview":"max-video-preview:-1"},"canonical":"https:\/\/hyll.education\/it\/informativa-sulla-privacy\/","og_locale":"it_IT","og_type":"article","og_title":"Informativa sulla privacy","og_description":"Protezione dei dati personali secondo il GDPR Hyll Consulting OE, in applicazione della normativa vigente in materia di protezione dei dati personali, informa che i dati personali che vengono raccolti tramite i formulari del sito web: https:\/\/hyll.education, sono inclusi nei file automatizzati specifici degli utenti dei servizi di Hyll Consulting OE. Il recupero e il [&hellip;]","og_url":"https:\/\/hyll.education\/it\/informativa-sulla-privacy\/","og_site_name":"Hyll","article_modified_time":"2025-07-16T10:57:22+00:00","twitter_card":"summary_large_image","twitter_misc":{"Tempo di lettura stimato":"7 minuti"},"schema":{"@context":"https:\/\/schema.org","@graph":[{"@type":"WebPage","@id":"https:\/\/hyll.education\/it\/informativa-sulla-privacy\/","url":"https:\/\/hyll.education\/it\/informativa-sulla-privacy\/","name":"Informativa sulla privacy - Hyll","isPartOf":{"@id":"https:\/\/hyll.education\/it\/#website"},"datePublished":"2024-05-31T15:45:09+00:00","dateModified":"2025-07-16T10:57:22+00:00","breadcrumb":{"@id":"https:\/\/hyll.education\/it\/informativa-sulla-privacy\/#breadcrumb"},"inLanguage":"it-IT","potentialAction":[{"@type":"ReadAction","target":["https:\/\/hyll.education\/it\/informativa-sulla-privacy\/"]}]},{"@type":"BreadcrumbList","@id":"https:\/\/hyll.education\/it\/informativa-sulla-privacy\/#breadcrumb","itemListElement":[{"@type":"ListItem","position":1,"name":"Home","item":"https:\/\/hyll.education\/it\/"},{"@type":"ListItem","position":2,"name":"Informativa sulla privacy"}]},{"@type":"WebSite","@id":"https:\/\/hyll.education\/it\/#website","url":"https:\/\/hyll.education\/it\/","name":"Hyll","description":"College Consulting","publisher":{"@id":"https:\/\/hyll.education\/it\/#organization"},"potentialAction":[{"@type":"SearchAction","target":{"@type":"EntryPoint","urlTemplate":"https:\/\/hyll.education\/it\/?s={search_term_string}"},"query-input":{"@type":"PropertyValueSpecification","valueRequired":true,"valueName":"search_term_string"}}],"inLanguage":"it-IT"},{"@type":"Organization","@id":"https:\/\/hyll.education\/it\/#organization","name":"Hyll","url":"https:\/\/hyll.education\/it\/","logo":{"@type":"ImageObject","inLanguage":"it-IT","@id":"https:\/\/hyll.education\/it\/#\/schema\/logo\/image\/","url":"https:\/\/hyll.education\/wp-content\/uploads\/2024\/07\/Recurso-1.svg","contentUrl":"https:\/\/hyll.education\/wp-content\/uploads\/2024\/07\/Recurso-1.svg","width":139,"height":57,"caption":"Hyll"},"image":{"@id":"https:\/\/hyll.education\/it\/#\/schema\/logo\/image\/"}}]}},"_links":{"self":[{"href":"https:\/\/hyll.education\/it\/wp-json\/wp\/v2\/pages\/4318","targetHints":{"allow":["GET"]}}],"collection":[{"href":"https:\/\/hyll.education\/it\/wp-json\/wp\/v2\/pages"}],"about":[{"href":"https:\/\/hyll.education\/it\/wp-json\/wp\/v2\/types\/page"}],"author":[{"embeddable":true,"href":"https:\/\/hyll.education\/it\/wp-json\/wp\/v2\/users\/1"}],"replies":[{"embeddable":true,"href":"https:\/\/hyll.education\/it\/wp-json\/wp\/v2\/comments?post=4318"}],"version-history":[{"count":3,"href":"https:\/\/hyll.education\/it\/wp-json\/wp\/v2\/pages\/4318\/revisions"}],"predecessor-version":[{"id":4668,"href":"https:\/\/hyll.education\/it\/wp-json\/wp\/v2\/pages\/4318\/revisions\/4668"}],"wp:attachment":[{"href":"https:\/\/hyll.education\/it\/wp-json\/wp\/v2\/media?parent=4318"}],"curies":[{"name":"wp","href":"https:\/\/api.w.org\/{rel}","templated":true}]}}