{"id":4315,"date":"2024-05-31T19:25:58","date_gmt":"2024-05-31T17:25:58","guid":{"rendered":"https:\/\/hyll.education\/informativa-sui-cookie\/"},"modified":"2025-07-16T13:46:28","modified_gmt":"2025-07-16T11:46:28","slug":"informativa-sui-cookie","status":"publish","type":"page","link":"https:\/\/hyll.education\/it\/informativa-sui-cookie\/","title":{"rendered":"Informativa sui cookie"},"content":{"rendered":"<div class=\"row\">\n<div class=\"col-xl-10 mx-auto\">\n<div class=\"paper\">\n<h3 class=\"text-center\"><b>Politica dei cookie<\/b><\/h3>\n<p><span style=\"font-weight: 400;\">Hyll Consulting OE informa sull&#8217;uso dei cookie nella sua pagina web: https:\/\/hyll.education<\/span><\/p>\n<h4><b>Quali sono i cookie?<\/b><\/h4>\n<p><span style=\"font-weight: 400;\">I cookie sono archivi che possono essere scaricati sul tuo computer attraverso le pagine web. Sono strumenti che hanno un ruolo fondamentale per la fornitura di numerosi servizi della societ\u00e0 dell&#8217;informazione. Tra l&#8217;altro, permettono a una pagina web di conservare e recuperare informazioni sulle abitudini di navigazione di un utente o della sua attrezzatura e, a seconda delle informazioni ottenute, possono essere utilizzate per riconoscere l&#8217;utente e migliorare il servizio offerto.  <\/span><\/p>\n<h4><b>Tipi di cookie<\/b><\/h4>\n<p><span style=\"font-weight: 400;\">A seconda di chi \u00e8 l&#8217;ente che gestisce il dominio da cui vengono inviati i cookie e che tratta i dati che ne ricava, si possono distinguere due tipi:<\/span><\/p>\n<ul>\n<li style=\"font-weight: 400;\" aria-level=\"1\"><span style=\"font-weight: 400;\">Cookies propias: Quelli che vengono inviati all&#8217;apparecchiatura terminale dell&#8217;utente da un&#8217;apparecchiatura o dominio gestito dall&#8217;editore stesso e da cui viene erogato il servizio richiesto dall&#8217;utente.<\/span><\/li>\n<li style=\"font-weight: 400;\" aria-level=\"1\"><span style=\"font-weight: 400;\">Cookie di terzi: Quelli che vengono inviati all&#8217;apparecchiatura terminale dell&#8217;utente da un&#8217;apparecchiatura o dominio che non \u00e8 gestito dall&#8217;editore, ma da un&#8217;altra entit\u00e0 che tratta i dati ottenuti tramite i cookie.\n<p><\/span><\/li>\n<\/ul>\n<p><span style=\"font-weight: 400;\">Nel caso in cui i cookie vengano installati da un&#8217;apparecchiatura o dominio gestito dall&#8217;editore stesso, ma le informazioni che vengono raccolte tramite questi cookie siano gestite da un terzo, non possono essere considerati come cookie proprietari.<\/span><\/p>\n<p><span style=\"font-weight: 400;\">Esiste anche una seconda classificazione in base al periodo di tempo in cui rimangono memorizzati nel navigatore del cliente, potendo trattare di:<\/span><\/p>\n<ul>\n<li style=\"font-weight: 400;\" aria-level=\"1\"><span style=\"font-weight: 400;\">Cookie di sessione: Sono stati progettati per recuperare e conservare i dati quando l&#8217;utente accede a una pagina web. Possono essere utilizzati per conservare informazioni che si vogliono conservare solo per la prestazione del servizio richiesto dall&#8217;utente in una sola occasione (ad esempio una lista di prodotti acquistati). <\/span><\/li>\n<li style=\"font-weight: 400;\" aria-level=\"1\"><span style=\"font-weight: 400;\"><span style=\"font-weight: 400;\">Cookie persistenti: I dati vengono conservati nel terminale e possono essere conservati e trattati per un periodo definito dal responsabile del cookie, che pu\u00f2 andare da un minuto a diversi anni.<br \/>\n<\/span><\/span><\/li>\n<\/ul>\n<p><span style=\"font-weight: 400;\">Inoltre, esiste un&#8217;altra classificazione con sette tipi di cookie in base alla finalit\u00e0 per la quale vengono trattati i dati ottenuti:<\/span><\/p>\n<ul>\n<li style=\"font-weight: 400;\" aria-level=\"1\"><span style=\"font-weight: 400;\">Cookie tecniche: Sono quei cookie che permettono all\u2019utente di navigare all\u2019interno di un sito web, di una piattaforma o di un\u2019applicazione e di utilizzare le diverse opzioni o servizi presenti, come ad esempio: controllare il traffico e la comunicazione dei dati, identificare la sessione, accedere ad aree ad accesso riservato, ricordare gli elementi che compongono un ordine, effettuare il processo di acquisto di un ordine, iscriversi o partecipare a un evento, utilizzare elementi di sicurezza durante la navigazione, memorizzare contenuti per la trasmissione di video o audio, o condividere contenuti tramite i social network.<\/span><\/li>\n<li style=\"font-weight: 400;\" aria-level=\"1\"><span style=\"font-weight: 400;\">Cookie di personalizzazione: Permettono all&#8217;utente di accedere al servizio con alcune caratteristiche di carattere generale predefinite in funzione di una serie di criteri del terminale dell&#8217;utente come, ad esempio, l&#8217;idioma, il tipo di navigatore tramite il quale si accede al servizio, la configurazione regionale da cui si accede al servizio, ecc.<\/span><\/li>\n<li style=\"font-weight: 400;\" aria-level=\"1\"><span style=\"font-weight: 400;\">Cookie di analisi: Permettono al responsabile di questi cookie di seguire e analizzare il comportamento degli utenti dei siti web a cui sono collegati. Le informazioni recuperate tramite questo tipo di cookie vengono utilizzate per la misurazione dell&#8217;attivit\u00e0 dei siti web, delle applicazioni o delle piattaforme e per l&#8217;elaborazione di profili di navigazione degli utenti di tali siti, applicazioni e piattaforme, al fine di introdurre miglioramenti in funzione dell&#8217;analisi dei dati di utilizzo che fanno gli utenti del servizio. <\/span><\/li>\n<li style=\"font-weight: 400;\" aria-level=\"1\"><span style=\"font-weight: 400;\">Cookie pubblicitari: Permettono la gestione, nella forma pi\u00f9 efficiente possibile, degli spazi pubblicitari.<\/span><\/li>\n<li style=\"font-weight: 400;\" aria-level=\"1\"><span style=\"font-weight: 400;\">Cookie di pubblicit\u00e0 comportamentale: Forniscono informazioni sul comportamento degli utenti ottenute tramite l&#8217;osservazione continua delle loro abitudini di navigazione, il che consente di sviluppare un profilo specifico per mostrare la pubblicit\u00e0 in base alle loro esigenze.<\/span><\/li>\n<li style=\"font-weight: 400;\" aria-level=\"1\"><span style=\"font-weight: 400;\"><span style=\"font-weight: 400;\">Cookie di social network esterni: Vengono utilizzati per consentire ai visitatori di interagire con i contenuti di diverse piattaforme sociali (facebook, youtube, twitter, linkedIn, ecc.) e vengono generati esclusivamente per gli utenti di queste piattaforme sociali. Le condizioni di utilizzo di questi cookie e le informazioni raccolte sono regolate dalla politica di privacy della piattaforma social corrispondente. <\/span><\/span><\/li>\n<\/ul>\n<h4><b>Disattivazione ed eliminazione dei cookie<\/b><\/h4>\n<p><span style=\"font-weight: 400;\">Hai la possibilit\u00e0 di permettere, bloccare o eliminare i cookie installati nel tuo computer attraverso la configurazione delle opzioni del navigatore installato nel tuo computer. Disattivando i cookie, alcuni dei servizi disponibili potrebbero non essere pi\u00f9 operativi. La forma di deshabilitarne i cookie \u00e8 diversa per ogni navigatore, ma normalmente si pu\u00f2 fare dal menu Herramientas u Opciones. Puoi anche consultare il menu Ayuda del navigatore dove puoi trovare le istruzioni. L&#8217;utente pu\u00f2 scegliere in qualsiasi momento quali cookie far funzionare in questo sito web.    <\/span><\/p>\n<p><span style=\"font-weight: 400;\">Puoi permettere, bloccare o eliminare i cookie installati nel tuo computer attraverso la configurazione delle opzioni del navigatore installato nel tuo computer:<\/span><\/p>\n<ul>\n<li style=\"font-weight: 400;\" aria-level=\"1\"><span style=\"font-weight: 400;\">Microsoft Internet Explorer o Microsoft Edge: http:\/\/windows.microsoft.com\/es-es\/windows-vista\/Block-or-allow-cookies<\/span><\/li>\n<li style=\"font-weight: 400;\" aria-level=\"1\"><span style=\"font-weight: 400;\">Mozilla Firefox: http:\/\/support.mozilla.org\/es\/kb\/impedir-que-los-sitios-web-guarden-sus-preferencia<\/span><\/li>\n<li style=\"font-weight: 400;\" aria-level=\"1\"><span style=\"font-weight: 400;\">Cromo: https:\/\/support.google.com\/accounts\/answer\/61416?hl=es<\/span><\/li>\n<li style=\"font-weight: 400;\" aria-level=\"1\"><span style=\"font-weight: 400;\">Safari: http:\/\/safari.helpmax.net\/es\/privacidad-y-seguridad\/como-gestionar-las-cookies\/<\/span><\/li>\n<li style=\"font-weight: 400;\" aria-level=\"1\"><span style=\"font-weight: 400;\"><span style=\"font-weight: 400;\">Opera: http:\/\/help.opera.com\/Linux\/10.60\/es-ES\/cookies.html<\/span><\/span><\/li>\n<\/ul>\n<p><span style=\"font-weight: 400;\">Inoltre, puoi anche gestire l&#8217;archivio dei cookie nel tuo navigatore tramite strumenti come i seguenti:<\/span><\/p>\n<ul>\n<li style=\"font-weight: 400;\" aria-level=\"1\"><span style=\"font-weight: 400;\">Ghostery: www.ghostery.com<\/span><\/li>\n<li style=\"font-weight: 400;\" aria-level=\"1\"><span style=\"font-weight: 400;\"><span style=\"font-weight: 400;\">Le tue scelte online: www.youronlinechoices.com\/es\/<\/span><\/span><\/li>\n<\/ul>\n<h4><strong>Cookie utilizzati in https:\/\/hyll.education<\/strong><\/h4>\n<p><span style=\"font-weight: 400;\">A continuazione vengono identificati i cookie che si stanno utilizzando in questo portale e la loro tipologia e funzione:<\/span><\/p>\n<ul>\n<li style=\"font-weight: 400;\" aria-level=\"1\"><span style=\"font-weight: 400;\">cookie_e_content_security_policy<\/span>\n<ul>\n<li style=\"font-weight: 400;\" aria-level=\"2\"><span style=\"font-weight: 400;\">Durata: 1 anno<\/span><\/li>\n<li style=\"font-weight: 400;\" aria-level=\"2\"><span style=\"font-weight: 400;\">Descrizione: Vengono utilizzati per sapere se l&#8217;utente ha accettato la politica dei cookie.<\/span><\/li>\n<li style=\"font-weight: 400;\" aria-level=\"2\"><span style=\"font-weight: 400;\">Tipo: Propia<\/span><\/li>\n<li style=\"font-weight: 400;\" aria-level=\"2\"><span style=\"font-weight: 400;\"><span style=\"font-weight: 400;\">Finalit\u00e0: Tecnica<\/span><\/span><\/li>\n<\/ul>\n<\/li>\n<\/ul>\n<p><span style=\"font-weight: 400;\">https:\/\/hyll.education riporta le informazioni sulla sua Politica dei cookie nella parte inferiore o superiore di ogni pagina del portale con ogni inizio di sessione.<\/span><\/p>\n<p><span style=\"font-weight: 400;\">A partire da queste informazioni \u00e8 possibile portare a termine le seguenti azioni:<\/span><\/p>\n<ul>\n<li style=\"font-weight: 400;\" aria-level=\"1\"><span style=\"font-weight: 400;\">Accetta i cookie: Non visualizzerai questo avviso accedendo a qualsiasi pagina del portale durante la presente sessione.<\/span><\/li>\n<li style=\"font-weight: 400;\" aria-level=\"1\"><span style=\"font-weight: 400;\"><span style=\"font-weight: 400;\">Modificare\/personalizzare la configurazione: Potrai ottenere maggiori informazioni su quali sono i cookie, conoscere la Politica dei cookie di: https:\/\/hyll.education e modificare la configurazione del tuo navigatore.<\/span><\/span><\/li>\n<\/ul>\n<\/div>\n<\/div>\n<\/div>\n","protected":false},"excerpt":{"rendered":"<p>Politica dei cookie Hyll Consulting OE informa sull&#8217;uso dei cookie nella sua pagina web: https:\/\/hyll.education Quali sono i cookie? I cookie sono archivi che possono essere scaricati sul tuo computer attraverso le pagine web. Sono strumenti che hanno un ruolo fondamentale per la fornitura di numerosi servizi della societ\u00e0 dell&#8217;informazione. Tra l&#8217;altro, permettono a una [&hellip;]<\/p>\n","protected":false},"author":1,"featured_media":0,"parent":0,"menu_order":0,"comment_status":"closed","ping_status":"closed","template":"","meta":{"_acf_changed":false,"_monsterinsights_skip_tracking":false,"_monsterinsights_sitenote_active":false,"_monsterinsights_sitenote_note":"","_monsterinsights_sitenote_category":0,"footnotes":""},"class_list":["post-4315","page","type-page","status-publish","hentry"],"acf":[],"yoast_head":"<!-- This site is optimized with the Yoast SEO Premium plugin v27.4 (Yoast SEO v27.4) - https:\/\/yoast.com\/product\/yoast-seo-premium-wordpress\/ -->\n<title>Informativa sui cookie - Hyll<\/title>\n<meta name=\"robots\" content=\"index, follow, max-snippet:-1, max-image-preview:large, max-video-preview:-1\" \/>\n<link rel=\"canonical\" href=\"https:\/\/hyll.education\/it\/informativa-sui-cookie\/\" \/>\n<meta property=\"og:locale\" content=\"it_IT\" \/>\n<meta property=\"og:type\" content=\"article\" \/>\n<meta property=\"og:title\" content=\"Informativa sui cookie\" \/>\n<meta property=\"og:description\" content=\"Politica dei cookie Hyll Consulting OE informa sull&#8217;uso dei cookie nella sua pagina web: https:\/\/hyll.education Quali sono i cookie? I cookie sono archivi che possono essere scaricati sul tuo computer attraverso le pagine web. Sono strumenti che hanno un ruolo fondamentale per la fornitura di numerosi servizi della societ\u00e0 dell&#8217;informazione. Tra l&#8217;altro, permettono a una [&hellip;]\" \/>\n<meta property=\"og:url\" content=\"https:\/\/hyll.education\/it\/informativa-sui-cookie\/\" \/>\n<meta property=\"og:site_name\" content=\"Hyll\" \/>\n<meta property=\"article:modified_time\" content=\"2025-07-16T11:46:28+00:00\" \/>\n<meta name=\"twitter:card\" content=\"summary_large_image\" \/>\n<meta name=\"twitter:label1\" content=\"Tempo di lettura stimato\" \/>\n\t<meta name=\"twitter:data1\" content=\"5 minuti\" \/>\n<script type=\"application\/ld+json\" class=\"yoast-schema-graph\">{\"@context\":\"https:\\\/\\\/schema.org\",\"@graph\":[{\"@type\":\"WebPage\",\"@id\":\"https:\\\/\\\/hyll.education\\\/it\\\/informativa-sui-cookie\\\/\",\"url\":\"https:\\\/\\\/hyll.education\\\/it\\\/informativa-sui-cookie\\\/\",\"name\":\"Informativa sui cookie - Hyll\",\"isPartOf\":{\"@id\":\"https:\\\/\\\/hyll.education\\\/it\\\/#website\"},\"datePublished\":\"2024-05-31T17:25:58+00:00\",\"dateModified\":\"2025-07-16T11:46:28+00:00\",\"breadcrumb\":{\"@id\":\"https:\\\/\\\/hyll.education\\\/it\\\/informativa-sui-cookie\\\/#breadcrumb\"},\"inLanguage\":\"it-IT\",\"potentialAction\":[{\"@type\":\"ReadAction\",\"target\":[\"https:\\\/\\\/hyll.education\\\/it\\\/informativa-sui-cookie\\\/\"]}]},{\"@type\":\"BreadcrumbList\",\"@id\":\"https:\\\/\\\/hyll.education\\\/it\\\/informativa-sui-cookie\\\/#breadcrumb\",\"itemListElement\":[{\"@type\":\"ListItem\",\"position\":1,\"name\":\"Home\",\"item\":\"https:\\\/\\\/hyll.education\\\/it\\\/\"},{\"@type\":\"ListItem\",\"position\":2,\"name\":\"Informativa sui cookie\"}]},{\"@type\":\"WebSite\",\"@id\":\"https:\\\/\\\/hyll.education\\\/it\\\/#website\",\"url\":\"https:\\\/\\\/hyll.education\\\/it\\\/\",\"name\":\"Hyll\",\"description\":\"College Consulting\",\"publisher\":{\"@id\":\"https:\\\/\\\/hyll.education\\\/it\\\/#organization\"},\"potentialAction\":[{\"@type\":\"SearchAction\",\"target\":{\"@type\":\"EntryPoint\",\"urlTemplate\":\"https:\\\/\\\/hyll.education\\\/it\\\/?s={search_term_string}\"},\"query-input\":{\"@type\":\"PropertyValueSpecification\",\"valueRequired\":true,\"valueName\":\"search_term_string\"}}],\"inLanguage\":\"it-IT\"},{\"@type\":\"Organization\",\"@id\":\"https:\\\/\\\/hyll.education\\\/it\\\/#organization\",\"name\":\"Hyll\",\"url\":\"https:\\\/\\\/hyll.education\\\/it\\\/\",\"logo\":{\"@type\":\"ImageObject\",\"inLanguage\":\"it-IT\",\"@id\":\"https:\\\/\\\/hyll.education\\\/it\\\/#\\\/schema\\\/logo\\\/image\\\/\",\"url\":\"https:\\\/\\\/hyll.education\\\/wp-content\\\/uploads\\\/2024\\\/07\\\/Recurso-1.svg\",\"contentUrl\":\"https:\\\/\\\/hyll.education\\\/wp-content\\\/uploads\\\/2024\\\/07\\\/Recurso-1.svg\",\"width\":139,\"height\":57,\"caption\":\"Hyll\"},\"image\":{\"@id\":\"https:\\\/\\\/hyll.education\\\/it\\\/#\\\/schema\\\/logo\\\/image\\\/\"}}]}<\/script>\n<!-- \/ Yoast SEO Premium plugin. -->","yoast_head_json":{"title":"Informativa sui cookie - Hyll","robots":{"index":"index","follow":"follow","max-snippet":"max-snippet:-1","max-image-preview":"max-image-preview:large","max-video-preview":"max-video-preview:-1"},"canonical":"https:\/\/hyll.education\/it\/informativa-sui-cookie\/","og_locale":"it_IT","og_type":"article","og_title":"Informativa sui cookie","og_description":"Politica dei cookie Hyll Consulting OE informa sull&#8217;uso dei cookie nella sua pagina web: https:\/\/hyll.education Quali sono i cookie? I cookie sono archivi che possono essere scaricati sul tuo computer attraverso le pagine web. Sono strumenti che hanno un ruolo fondamentale per la fornitura di numerosi servizi della societ\u00e0 dell&#8217;informazione. Tra l&#8217;altro, permettono a una [&hellip;]","og_url":"https:\/\/hyll.education\/it\/informativa-sui-cookie\/","og_site_name":"Hyll","article_modified_time":"2025-07-16T11:46:28+00:00","twitter_card":"summary_large_image","twitter_misc":{"Tempo di lettura stimato":"5 minuti"},"schema":{"@context":"https:\/\/schema.org","@graph":[{"@type":"WebPage","@id":"https:\/\/hyll.education\/it\/informativa-sui-cookie\/","url":"https:\/\/hyll.education\/it\/informativa-sui-cookie\/","name":"Informativa sui cookie - Hyll","isPartOf":{"@id":"https:\/\/hyll.education\/it\/#website"},"datePublished":"2024-05-31T17:25:58+00:00","dateModified":"2025-07-16T11:46:28+00:00","breadcrumb":{"@id":"https:\/\/hyll.education\/it\/informativa-sui-cookie\/#breadcrumb"},"inLanguage":"it-IT","potentialAction":[{"@type":"ReadAction","target":["https:\/\/hyll.education\/it\/informativa-sui-cookie\/"]}]},{"@type":"BreadcrumbList","@id":"https:\/\/hyll.education\/it\/informativa-sui-cookie\/#breadcrumb","itemListElement":[{"@type":"ListItem","position":1,"name":"Home","item":"https:\/\/hyll.education\/it\/"},{"@type":"ListItem","position":2,"name":"Informativa sui cookie"}]},{"@type":"WebSite","@id":"https:\/\/hyll.education\/it\/#website","url":"https:\/\/hyll.education\/it\/","name":"Hyll","description":"College Consulting","publisher":{"@id":"https:\/\/hyll.education\/it\/#organization"},"potentialAction":[{"@type":"SearchAction","target":{"@type":"EntryPoint","urlTemplate":"https:\/\/hyll.education\/it\/?s={search_term_string}"},"query-input":{"@type":"PropertyValueSpecification","valueRequired":true,"valueName":"search_term_string"}}],"inLanguage":"it-IT"},{"@type":"Organization","@id":"https:\/\/hyll.education\/it\/#organization","name":"Hyll","url":"https:\/\/hyll.education\/it\/","logo":{"@type":"ImageObject","inLanguage":"it-IT","@id":"https:\/\/hyll.education\/it\/#\/schema\/logo\/image\/","url":"https:\/\/hyll.education\/wp-content\/uploads\/2024\/07\/Recurso-1.svg","contentUrl":"https:\/\/hyll.education\/wp-content\/uploads\/2024\/07\/Recurso-1.svg","width":139,"height":57,"caption":"Hyll"},"image":{"@id":"https:\/\/hyll.education\/it\/#\/schema\/logo\/image\/"}}]}},"_links":{"self":[{"href":"https:\/\/hyll.education\/it\/wp-json\/wp\/v2\/pages\/4315","targetHints":{"allow":["GET"]}}],"collection":[{"href":"https:\/\/hyll.education\/it\/wp-json\/wp\/v2\/pages"}],"about":[{"href":"https:\/\/hyll.education\/it\/wp-json\/wp\/v2\/types\/page"}],"author":[{"embeddable":true,"href":"https:\/\/hyll.education\/it\/wp-json\/wp\/v2\/users\/1"}],"replies":[{"embeddable":true,"href":"https:\/\/hyll.education\/it\/wp-json\/wp\/v2\/comments?post=4315"}],"version-history":[{"count":3,"href":"https:\/\/hyll.education\/it\/wp-json\/wp\/v2\/pages\/4315\/revisions"}],"predecessor-version":[{"id":4682,"href":"https:\/\/hyll.education\/it\/wp-json\/wp\/v2\/pages\/4315\/revisions\/4682"}],"wp:attachment":[{"href":"https:\/\/hyll.education\/it\/wp-json\/wp\/v2\/media?parent=4315"}],"curies":[{"name":"wp","href":"https:\/\/api.w.org\/{rel}","templated":true}]}}