{"id":4307,"date":"2024-05-31T19:25:50","date_gmt":"2024-05-31T17:25:50","guid":{"rendered":"https:\/\/hyll.education\/avviso-legale\/"},"modified":"2025-07-16T13:40:57","modified_gmt":"2025-07-16T11:40:57","slug":"avviso-legale","status":"publish","type":"page","link":"https:\/\/hyll.education\/it\/avviso-legale\/","title":{"rendered":"Avviso legale"},"content":{"rendered":"<div class=\"row\">\n<div class=\"col col-xl-10 mx-auto\">\n<div class=\"paper\">\n<header class=\"text-center\">\n<h1>Avviso legale<\/h1>\n<p>In ottemperanza all\u2019obbligo di informazione previsto dall\u2019articolo 10 della Legge 34\/2002, dell\u201911<br \/>\nluglio, sui servizi della societ\u00e0 dell\u2019informazione e del commercio elettronico (LSSI-CE), si forniscono di seguito<br \/>\ni dati identificativi del titolare del sito web.<\/p>\n<p>\u30fb Denominazione sociale: Hyll Consulting OE<br \/>\n\u30fb Partita IVA \/ Codice fiscale: E44802031<br \/>\n\u30fb Sede legale: C\/ Quart, 111, 46008 &#8211; Valencia (Valencia)<\/p>\n<p>Con i limiti stabiliti dalla legge, Hyll Consulting OE non assume alcuna responsabilit\u00e0 derivante dalla mancanza di veridicit\u00e0, integrit\u00e0, aggiornamento e precisione dei dati o di informazioni contenute nei suoi siti web.<\/p>\n<p>I contenuti e le informazioni non sono riconducibili a Hyll Consulting OE n\u00e9 costituiscono opinioni, consigli o assistenza legale di alcun tipo, poich\u00e9 si tratta di un servizio offerto da con carattere informativo e divulgativo.<\/p>\n<p>Le pagine Internet di Hyll Consulting OE possono contenere link ad altre pagine di terzi che Hyll Consulting OE non pu\u00f2 controllare. Per questo motivo, Hyll Consulting OE non pu\u00f2 assumersi la responsabilit\u00e0 dei contenuti che possono apparire sui siti di terzi. <\/p>\n<p>I testi, le immagini, i suoni, le animazioni, il software e il resto dei contenuti inclusi in questo sito web sono di propriet\u00e0 esclusiva di Hyll Consulting OE o dei suoi licenziatari. Qualsiasi atto di trasmissione, distribuzione, cessione, riproduzione, archiviazione o comunicazione pubblica totale o parziale, deve essere accompagnato dal consenso esplicito di Hyll Consulting OE. <\/p>\n<p>Inoltre, per accedere ad alcuni dei servizi offerti da Hyll Consulting OE attraverso il sito web, \u00e8 necessario fornire alcuni dati personali. In ottemperanza a quanto previsto dal Regolamento (UE) 2016\/679 del Parlamento Europeo e del Consiglio, del 27 aprile 2016, relativo alla protezione delle persone fisiche con riguardo al trattamento dei dati personali e alla libera circolazione di tali dati, La informiamo che attraverso la compilazione del presente modulo, i tuoi dati personali verranno incorporati e trattati negli archivi di Hyll Consulting OE al fine di poter prestare e offrire i nostri servizi e di informarti sui miglioramenti del sito Web. <\/p>\n<p>Ti informiamo inoltre che avrai la possibilit\u00e0 in ogni momento di esercitare i diritti di accesso, rettifica, cancellazione, opposizione, limitazione e portabilit\u00e0 dei tuoi dati di carattere personale, in modo gratuito tramite e-mail a: amurirose@hyllconsulting.com o all&#8217;indirizzo: C\/ Quart, 111, 46008 &#8211; Valencia (Valencia).<\/p>\n<\/header>\n<\/div>\n<\/div>\n<\/div>\n","protected":false},"excerpt":{"rendered":"<p>Avviso legale In ottemperanza all\u2019obbligo di informazione previsto dall\u2019articolo 10 della Legge 34\/2002, dell\u201911 luglio, sui servizi della societ\u00e0 dell\u2019informazione e del commercio elettronico (LSSI-CE), si forniscono di seguito i dati identificativi del titolare del sito web. \u30fb Denominazione sociale: Hyll Consulting OE \u30fb Partita IVA \/ Codice fiscale: E44802031 \u30fb Sede legale: C\/ Quart, [&hellip;]<\/p>\n","protected":false},"author":1,"featured_media":0,"parent":0,"menu_order":0,"comment_status":"closed","ping_status":"closed","template":"","meta":{"_acf_changed":false,"_monsterinsights_skip_tracking":false,"_monsterinsights_sitenote_active":false,"_monsterinsights_sitenote_note":"","_monsterinsights_sitenote_category":0,"footnotes":""},"class_list":["post-4307","page","type-page","status-publish","hentry"],"acf":[],"yoast_head":"<!-- This site is optimized with the Yoast SEO Premium plugin v27.4 (Yoast SEO v27.4) - https:\/\/yoast.com\/product\/yoast-seo-premium-wordpress\/ -->\n<title>Avviso legale - Hyll<\/title>\n<meta name=\"robots\" content=\"index, follow, max-snippet:-1, max-image-preview:large, max-video-preview:-1\" \/>\n<link rel=\"canonical\" href=\"https:\/\/hyll.education\/it\/avviso-legale\/\" \/>\n<meta property=\"og:locale\" content=\"it_IT\" \/>\n<meta property=\"og:type\" content=\"article\" \/>\n<meta property=\"og:title\" content=\"Avviso legale\" \/>\n<meta property=\"og:description\" content=\"Avviso legale In ottemperanza all\u2019obbligo di informazione previsto dall\u2019articolo 10 della Legge 34\/2002, dell\u201911 luglio, sui servizi della societ\u00e0 dell\u2019informazione e del commercio elettronico (LSSI-CE), si forniscono di seguito i dati identificativi del titolare del sito web. \u30fb Denominazione sociale: Hyll Consulting OE \u30fb Partita IVA \/ Codice fiscale: E44802031 \u30fb Sede legale: C\/ Quart, [&hellip;]\" \/>\n<meta property=\"og:url\" content=\"https:\/\/hyll.education\/it\/avviso-legale\/\" \/>\n<meta property=\"og:site_name\" content=\"Hyll\" \/>\n<meta property=\"article:modified_time\" content=\"2025-07-16T11:40:57+00:00\" \/>\n<meta name=\"twitter:card\" content=\"summary_large_image\" \/>\n<meta name=\"twitter:label1\" content=\"Tempo di lettura stimato\" \/>\n\t<meta name=\"twitter:data1\" content=\"2 minuti\" \/>\n<script type=\"application\/ld+json\" class=\"yoast-schema-graph\">{\"@context\":\"https:\\\/\\\/schema.org\",\"@graph\":[{\"@type\":\"WebPage\",\"@id\":\"https:\\\/\\\/hyll.education\\\/it\\\/avviso-legale\\\/\",\"url\":\"https:\\\/\\\/hyll.education\\\/it\\\/avviso-legale\\\/\",\"name\":\"Avviso legale - Hyll\",\"isPartOf\":{\"@id\":\"https:\\\/\\\/hyll.education\\\/it\\\/#website\"},\"datePublished\":\"2024-05-31T17:25:50+00:00\",\"dateModified\":\"2025-07-16T11:40:57+00:00\",\"breadcrumb\":{\"@id\":\"https:\\\/\\\/hyll.education\\\/it\\\/avviso-legale\\\/#breadcrumb\"},\"inLanguage\":\"it-IT\",\"potentialAction\":[{\"@type\":\"ReadAction\",\"target\":[\"https:\\\/\\\/hyll.education\\\/it\\\/avviso-legale\\\/\"]}]},{\"@type\":\"BreadcrumbList\",\"@id\":\"https:\\\/\\\/hyll.education\\\/it\\\/avviso-legale\\\/#breadcrumb\",\"itemListElement\":[{\"@type\":\"ListItem\",\"position\":1,\"name\":\"Home\",\"item\":\"https:\\\/\\\/hyll.education\\\/it\\\/\"},{\"@type\":\"ListItem\",\"position\":2,\"name\":\"Avviso legale\"}]},{\"@type\":\"WebSite\",\"@id\":\"https:\\\/\\\/hyll.education\\\/it\\\/#website\",\"url\":\"https:\\\/\\\/hyll.education\\\/it\\\/\",\"name\":\"Hyll\",\"description\":\"College Consulting\",\"publisher\":{\"@id\":\"https:\\\/\\\/hyll.education\\\/it\\\/#organization\"},\"potentialAction\":[{\"@type\":\"SearchAction\",\"target\":{\"@type\":\"EntryPoint\",\"urlTemplate\":\"https:\\\/\\\/hyll.education\\\/it\\\/?s={search_term_string}\"},\"query-input\":{\"@type\":\"PropertyValueSpecification\",\"valueRequired\":true,\"valueName\":\"search_term_string\"}}],\"inLanguage\":\"it-IT\"},{\"@type\":\"Organization\",\"@id\":\"https:\\\/\\\/hyll.education\\\/it\\\/#organization\",\"name\":\"Hyll\",\"url\":\"https:\\\/\\\/hyll.education\\\/it\\\/\",\"logo\":{\"@type\":\"ImageObject\",\"inLanguage\":\"it-IT\",\"@id\":\"https:\\\/\\\/hyll.education\\\/it\\\/#\\\/schema\\\/logo\\\/image\\\/\",\"url\":\"https:\\\/\\\/hyll.education\\\/wp-content\\\/uploads\\\/2024\\\/07\\\/Recurso-1.svg\",\"contentUrl\":\"https:\\\/\\\/hyll.education\\\/wp-content\\\/uploads\\\/2024\\\/07\\\/Recurso-1.svg\",\"width\":139,\"height\":57,\"caption\":\"Hyll\"},\"image\":{\"@id\":\"https:\\\/\\\/hyll.education\\\/it\\\/#\\\/schema\\\/logo\\\/image\\\/\"}}]}<\/script>\n<!-- \/ Yoast SEO Premium plugin. -->","yoast_head_json":{"title":"Avviso legale - Hyll","robots":{"index":"index","follow":"follow","max-snippet":"max-snippet:-1","max-image-preview":"max-image-preview:large","max-video-preview":"max-video-preview:-1"},"canonical":"https:\/\/hyll.education\/it\/avviso-legale\/","og_locale":"it_IT","og_type":"article","og_title":"Avviso legale","og_description":"Avviso legale In ottemperanza all\u2019obbligo di informazione previsto dall\u2019articolo 10 della Legge 34\/2002, dell\u201911 luglio, sui servizi della societ\u00e0 dell\u2019informazione e del commercio elettronico (LSSI-CE), si forniscono di seguito i dati identificativi del titolare del sito web. \u30fb Denominazione sociale: Hyll Consulting OE \u30fb Partita IVA \/ Codice fiscale: E44802031 \u30fb Sede legale: C\/ Quart, [&hellip;]","og_url":"https:\/\/hyll.education\/it\/avviso-legale\/","og_site_name":"Hyll","article_modified_time":"2025-07-16T11:40:57+00:00","twitter_card":"summary_large_image","twitter_misc":{"Tempo di lettura stimato":"2 minuti"},"schema":{"@context":"https:\/\/schema.org","@graph":[{"@type":"WebPage","@id":"https:\/\/hyll.education\/it\/avviso-legale\/","url":"https:\/\/hyll.education\/it\/avviso-legale\/","name":"Avviso legale - Hyll","isPartOf":{"@id":"https:\/\/hyll.education\/it\/#website"},"datePublished":"2024-05-31T17:25:50+00:00","dateModified":"2025-07-16T11:40:57+00:00","breadcrumb":{"@id":"https:\/\/hyll.education\/it\/avviso-legale\/#breadcrumb"},"inLanguage":"it-IT","potentialAction":[{"@type":"ReadAction","target":["https:\/\/hyll.education\/it\/avviso-legale\/"]}]},{"@type":"BreadcrumbList","@id":"https:\/\/hyll.education\/it\/avviso-legale\/#breadcrumb","itemListElement":[{"@type":"ListItem","position":1,"name":"Home","item":"https:\/\/hyll.education\/it\/"},{"@type":"ListItem","position":2,"name":"Avviso legale"}]},{"@type":"WebSite","@id":"https:\/\/hyll.education\/it\/#website","url":"https:\/\/hyll.education\/it\/","name":"Hyll","description":"College Consulting","publisher":{"@id":"https:\/\/hyll.education\/it\/#organization"},"potentialAction":[{"@type":"SearchAction","target":{"@type":"EntryPoint","urlTemplate":"https:\/\/hyll.education\/it\/?s={search_term_string}"},"query-input":{"@type":"PropertyValueSpecification","valueRequired":true,"valueName":"search_term_string"}}],"inLanguage":"it-IT"},{"@type":"Organization","@id":"https:\/\/hyll.education\/it\/#organization","name":"Hyll","url":"https:\/\/hyll.education\/it\/","logo":{"@type":"ImageObject","inLanguage":"it-IT","@id":"https:\/\/hyll.education\/it\/#\/schema\/logo\/image\/","url":"https:\/\/hyll.education\/wp-content\/uploads\/2024\/07\/Recurso-1.svg","contentUrl":"https:\/\/hyll.education\/wp-content\/uploads\/2024\/07\/Recurso-1.svg","width":139,"height":57,"caption":"Hyll"},"image":{"@id":"https:\/\/hyll.education\/it\/#\/schema\/logo\/image\/"}}]}},"_links":{"self":[{"href":"https:\/\/hyll.education\/it\/wp-json\/wp\/v2\/pages\/4307","targetHints":{"allow":["GET"]}}],"collection":[{"href":"https:\/\/hyll.education\/it\/wp-json\/wp\/v2\/pages"}],"about":[{"href":"https:\/\/hyll.education\/it\/wp-json\/wp\/v2\/types\/page"}],"author":[{"embeddable":true,"href":"https:\/\/hyll.education\/it\/wp-json\/wp\/v2\/users\/1"}],"replies":[{"embeddable":true,"href":"https:\/\/hyll.education\/it\/wp-json\/wp\/v2\/comments?post=4307"}],"version-history":[{"count":5,"href":"https:\/\/hyll.education\/it\/wp-json\/wp\/v2\/pages\/4307\/revisions"}],"predecessor-version":[{"id":4680,"href":"https:\/\/hyll.education\/it\/wp-json\/wp\/v2\/pages\/4307\/revisions\/4680"}],"wp:attachment":[{"href":"https:\/\/hyll.education\/it\/wp-json\/wp\/v2\/media?parent=4307"}],"curies":[{"name":"wp","href":"https:\/\/api.w.org\/{rel}","templated":true}]}}