{"id":4314,"date":"2024-05-31T17:45:09","date_gmt":"2024-05-31T15:45:09","guid":{"rendered":"https:\/\/hyll.education\/politica-de-privacidad\/"},"modified":"2025-02-26T16:59:05","modified_gmt":"2025-02-26T15:59:05","slug":"politica-de-privacidad","status":"publish","type":"page","link":"https:\/\/hyll.education\/es\/politica-de-privacidad\/","title":{"rendered":"Pol\u00edtica de privacidad"},"content":{"rendered":"<div class=\"row\">\n<div class=\"col-xl-10 mx-auto\">\n<div class=\"paper\">\n<header class=\"text-center\">\n<h3><b>PROTECCI\u00d3N DE DATOS DE CAR\u00c1CTER PERSONAL SEG\u00daN LA RGPD<\/b><\/h3>\n<p><span style=\"font-weight: 400;\">Hyll Consulting OE, en aplicaci\u00f3n de la normativa vigente en materia de protecci\u00f3n de datos de car\u00e1cter personal, informa que los datos personales que se recogen a trav\u00e9s de los formularios del Sitio web: https:\/\/hyll.education, se incluyen en los ficheros automatizados espec\u00edficos de usuarios de los servicios de Hyll Consulting OE<\/span><\/p>\n<p><span style=\"font-weight: 400;\">La recogida y tratamiento automatizado de los datos de car\u00e1cter personal tiene como finalidad el mantenimiento de la relaci\u00f3n comercial y el desempe\u00f1o de tareas de informaci\u00f3n, formaci\u00f3n, asesoramiento y otras actividades propias de Hyll Consulting OE<\/span><\/p>\n<p><span style=\"font-weight: 400;\">Estos datos \u00fanicamente ser\u00e1n cedidos a aquellas entidades que sean necesarias con el \u00fanico objetivo de dar cumplimiento a la finalidad anteriormente expuesta.<\/span><\/p>\n<p><span style=\"font-weight: 400;\">Hyll Consulting OE adopta las medidas necesarias para garantizar la seguridad, integridad y confidencialidad de los datos conforme a lo dispuesto en el Reglamento (UE) 2016\/679 del Parlamento Europeo y del Consejo, de 27 de abril de 2016, relativo a la protecci\u00f3n de las personas f\u00edsicas en lo que respecta al tratamiento de datos personales y a la libre circulaci\u00f3n de los mismos, y derogando la antigua LOPD, la nueva Ley Org\u00e1nica 3\/2018, de 5 de diciembre, de Protecci\u00f3n de Datos y Garant\u00eda de los Derechos Digitales (LOPDGDD).<\/span><\/p>\n<p><span style=\"font-weight: 400;\">El usuario podr\u00e1 en cualquier momento ejercitar los derechos de acceso, oposici\u00f3n, rectificaci\u00f3n, cancelaci\u00f3n, limitaci\u00f3n y portabilidad reconocidos en el citado Reglamento (UE). El ejercicio de estos derechos puede realizarlo el propio usuario a trav\u00e9s de email a: amurirose@hyllconsulting.com o en la direcci\u00f3n: C\/ Quart, 111, C.P. 46008 &#8211; Valencia (Valencia). <\/span><\/p>\n<p><span style=\"font-weight: 400;\">El usuario manifiesta que todos los datos facilitados por \u00e9l son ciertos y correctos, y se compromete a mantenerlos actualizados, comunicando los cambios a Hyll Consulting OE<\/span><\/p>\n<h4><b>Finalidad del tratamiento de los datos personales:<\/b><\/h4>\n<h4><b>\u00bfCon qu\u00e9 finalidad trataremos tus datos personales?<\/b><\/h4>\n<p><span style=\"font-weight: 400;\">En Hyll Consulting OE, trataremos tus datos personales recabados a trav\u00e9s del Sitio Web: https:\/\/hyll.education, con las siguientes finalidades:<\/span><\/p>\n<ol>\n<li style=\"font-weight: 400;\" aria-level=\"1\"><span style=\"font-weight: 400;\">Dar cumplimiento de las obligaciones, comerciales, laborales, corporativas y contables de la empresa.<\/span><\/li>\n<li style=\"font-weight: 400;\" aria-level=\"1\"><span style=\"font-weight: 400;\">Env\u00edo de informaci\u00f3n comercial y boletines sobre nuevos servicios ofrecidos en la web y del sector.<\/span><\/li>\n<li style=\"font-weight: 400;\" aria-level=\"1\"><span style=\"font-weight: 400;\">La transmisi\u00f3n de datos a terceros con los cuales se hayan celebrado contratos con este objeto, para fines comerciales, contractuales, administrativos, de mercadeo y\/o operativos.<\/span><\/li>\n<li style=\"font-weight: 400;\" aria-level=\"1\"><span style=\"font-weight: 400;\">Enviar informaci\u00f3n promocional v\u00eda electr\u00f3nica.<\/span><\/li>\n<li style=\"font-weight: 400;\" aria-level=\"1\"><span style=\"font-weight: 400;\">Facilitar la informaci\u00f3n solicitada por el usuario a trav\u00e9s del formulario de contacto.\n<p><\/span><\/li>\n<\/ol>\n<p><span style=\"font-weight: 400;\">Te recordamos que puedes oponerte al env\u00edo de comunicaciones comerciales por cualquier v\u00eda y en cualquier momento, remitiendo un correo electr\u00f3nico a la direcci\u00f3n anteriormente indicada.<\/span><\/p>\n<p><span style=\"font-weight: 400;\">Los campos de dichos registros son de cumplimentaci\u00f3n obligatoria, siendo imposible realizar las finalidades expresadas si no se aportan esos datos.<\/span><\/p>\n<h4><b>\u00bfPor cu\u00e1nto tiempo se conservan los datos personales recabados?<\/b><\/h4>\n<p><span style=\"font-weight: 400;\">Los datos personales proporcionados se conservar\u00e1n mientras se mantenga la relaci\u00f3n comercial o no se solicite su supresi\u00f3n y durante el plazo por el cual pudieran derivarse responsabilidades legales por los servicios prestados.<\/span><\/p>\n<h4><strong>Legitimaci\u00f3n:<\/strong><\/h4>\n<p><span style=\"font-weight: 400;\">El tratamiento de tus datos se realiza con las siguientes bases jur\u00eddicas que legitiman el mismo:<\/span><\/p>\n<ol>\n<li style=\"font-weight: 400;\" aria-level=\"1\"><span style=\"font-weight: 400;\">La solicitud de informaci\u00f3n y\/o la contrataci\u00f3n de los servicios de Hyll Consulting OE, cuyos t\u00e9rminos y condiciones se pondr\u00e1n a tu disposici\u00f3n en todo caso, de forma previa a una eventual contrataci\u00f3n.<\/span><\/li>\n<li style=\"font-weight: 400;\" aria-level=\"1\"><span style=\"font-weight: 400;\">El consentimiento libre, espec\u00edfico, informado e inequ\u00edvoco, en tanto que te informamos poniendo a tu disposici\u00f3n la presente pol\u00edtica de privacidad, que tras la lectura de la misma, en caso de estar conforme, podr\u00e1s aceptar mediante una declaraci\u00f3n o una clara acci\u00f3n afirmativa, como el marcado de una casilla dispuesta al efecto.\n<p><\/span><\/li>\n<\/ol>\n<p><span style=\"font-weight: 400;\">En caso de que no nos facilites tus datos o lo hagas de forma err\u00f3nea o incompleta, no podremos atender tu solicitud, resultando del todo imposible proporcionarte la informaci\u00f3n solicitada o llevar a cabo la contrataci\u00f3n de los servicios.<\/span><\/p>\n<h4><strong>Destinatarios:<\/strong><\/h4>\n<p><span style=\"font-weight: 400;\">Los datos no se comunicar\u00e1n a ning\u00fan tercero ajeno a Hyll Consulting OE, salvo obligaci\u00f3n legal.<\/span><\/p>\n<p><span style=\"font-weight: 400;\">Se han contratado servicios de hosting ubicados fuera del Espacio Econ\u00f3mico Europeo, en EEUU, considerado un destino seguro para transferencias internacionales de datos, en virtud del Privacy Shield (Escudo de Privacidad).<\/span><\/p>\n<h4><strong>Datos recopilados por usuarios de los servicios<\/strong><\/h4>\n<p><span style=\"font-weight: 400;\">En los casos en que el usuario incluya ficheros con datos de car\u00e1cter personal en los servidores de alojamiento compartido, Hyll Consulting OE no se hace responsable del incumplimiento por parte del usuario del RGPD.<\/span><\/p>\n<h4><strong>Derechos propiedad intelectual https:\/\/hyll.education<\/strong><\/h4>\n<p><span style=\"font-weight: 400;\">Hyll Consulting OE es titular de todos los derechos de autor, propiedad intelectual, industrial, \u00abknow how\u00bb y cuantos otros derechos guarden relaci\u00f3n con los contenidos del sitio web https:\/\/hyll.education y los servicios ofertados en el mismo, as\u00ed como de los programas necesarios para su implementaci\u00f3n y la informaci\u00f3n relacionada.<\/span><\/p>\n<p><span style=\"font-weight: 400;\">No se permite la reproducci\u00f3n, publicaci\u00f3n y\/o uso no estrictamente privado de los contenidos, totales o parciales, del sitio web https:\/\/hyll.education sin el consentimiento previo y por escrito.<\/span><\/p>\n<h4><strong>Propiedad intelectual del software<\/strong><\/h4>\n<p><span style=\"font-weight: 400;\">El usuario debe respetar los programas de terceros puestos a su disposici\u00f3n por Hyll Consulting OE, a\u00fan siendo gratuitos y\/o de disposici\u00f3n p\u00fablica.<\/span><\/p>\n<p><span style=\"font-weight: 400;\">Hyll Consulting OE dispone de los derechos de explotaci\u00f3n y propiedad intelectual necesarios del software.<\/span><\/p>\n<p><span style=\"font-weight: 400;\">El usuario no adquiere derecho alguno o licencia por el servicio contratado, sobre el software necesario para la prestaci\u00f3n del servicio, ni tampoco sobre la informaci\u00f3n t\u00e9cnica de seguimiento del servicio, excepci\u00f3n hecha de los derechos y licencias necesarios para el cumplimiento de los servicios contratados y \u00fanicamente durante la duraci\u00f3n de los mismos.<\/span><\/p>\n<p><span style=\"font-weight: 400;\">Para toda actuaci\u00f3n que exceda del cumplimiento del contrato, el usuario necesitar\u00e1 autorizaci\u00f3n por escrito por parte de Hyll Consulting OE, quedando prohibido al usuario acceder, modificar, visualizar la configuraci\u00f3n, estructura y ficheros de los servidores propiedad de Hyll Consulting OE, asumiendo la responsabilidad civil y penal derivada de cualquier incidencia que se pudiera producir en los servidores y sistemas de seguridad como consecuencia directa de una actuaci\u00f3n negligente o maliciosa por su parte.<\/span><\/p>\n<h4><strong>Propiedad intelectual de los contenidos alojados<\/strong><\/h4>\n<p><span style=\"font-weight: 400;\">Se proh\u00edbe el uso contrario a la legislaci\u00f3n sobre propiedad intelectual de los servicios prestados por Hyll Consulting OE y, en particular de:<\/span><\/p>\n<ol>\n<li style=\"font-weight: 400;\" aria-level=\"1\"><span style=\"font-weight: 400;\">La utilizaci\u00f3n que resulte contraria a las leyes espa\u00f1olas o que infrinja los derechos de terceros.<\/span><\/li>\n<li style=\"font-weight: 400;\" aria-level=\"1\"><span style=\"font-weight: 400;\">La publicaci\u00f3n o la transmisi\u00f3n de cualquier contenido que, a juicio de Hyll Consulting OE, resulte violento, obsceno, abusivo, ilegal, racial, xen\u00f3fobo o difamatorio.<\/span><\/li>\n<li style=\"font-weight: 400;\" aria-level=\"1\"><span style=\"font-weight: 400;\">Los cracks, n\u00fameros de serie de programas o cualquier otro contenido que vulnere derechos de la propiedad intelectual de terceros.<\/span><\/li>\n<li style=\"font-weight: 400;\" aria-level=\"1\"><span style=\"font-weight: 400;\">La recogida y\/o utilizaci\u00f3n de datos personales de otros usuarios sin su consentimiento expreso o contraviniendo lo dispuesto en el Reglamento (UE) 2016\/679 del Parlamento Europeo y del Consejo, de 27 de abril de 2016, relativo a la protecci\u00f3n de las personas f\u00edsicas en lo que respecta al tratamiento de datos personales y a la libre circulaci\u00f3n de los mismos.<\/span><\/li>\n<li style=\"font-weight: 400;\" aria-level=\"1\"><span style=\"font-weight: 400;\">La utilizaci\u00f3n del servidor de correo del dominio y de las direcciones de correo electr\u00f3nico para el env\u00edo de correo masivo no deseado.\n<p><\/span><\/li>\n<\/ol>\n<p><span style=\"font-weight: 400;\">El usuario tiene toda la responsabilidad sobre el contenido de su web, la informaci\u00f3n transmitida y almacenada, los enlaces de hipertexto, las reivindicaciones de terceros y las acciones legales en referencia a propiedad intelectual, derechos de terceros y protecci\u00f3n de menores.<\/span><\/p>\n<p><span style=\"font-weight: 400;\">El usuario es responsable respecto a las leyes y reglamentos en vigor y las reglas que tienen que ver con el funcionamiento del servicio online, comercio electr\u00f3nico, derechos de autor, mantenimiento del orden p\u00fablico, as\u00ed como principios universales de uso de Internet.<\/span><\/p>\n<p><span style=\"font-weight: 400;\">El usuario indemnizar\u00e1 a Hyll Consulting OE por los gastos que generara la imputaci\u00f3n de Hyll Consulting OE en alguna causa cuya responsabilidad fuera atribuible al usuario, incluidos honorarios y gastos de defensa jur\u00eddica, incluso en el caso de una decisi\u00f3n judicial no definitiva.<\/span><\/p>\n<h4><strong>Protecci\u00f3n de la informaci\u00f3n alojada<\/strong><\/h4>\n<p><span style=\"font-weight: 400;\">Hyll Consulting OE realiza copias de seguridad de los contenidos alojados en sus servidores, sin embargo no se responsabiliza de la p\u00e9rdida o el borrado accidental de los datos por parte de los usuarios. De igual manera, no garantiza la reposici\u00f3n total de los datos borrados por los usuarios, ya que los citados datos podr\u00edan haber sido suprimidos y\/o modificados durante el periodo del tiempo transcurrido desde la \u00faltima copia de seguridad. <\/span><\/p>\n<p><span style=\"font-weight: 400;\">Los servicios ofertados, excepto los servicios espec\u00edficos de backup, no incluyen la reposici\u00f3n de los contenidos conservados en las copias de seguridad realizadas por Hyll Consulting OE, cuando esta p\u00e9rdida sea imputable al usuario; en este caso, se determinar\u00e1 una tarifa acorde a la complejidad y volumen de la recuperaci\u00f3n, siempre previa aceptaci\u00f3n del usuario.<\/span><\/p>\n<p><span style=\"font-weight: 400;\">La reposici\u00f3n de datos borrados s\u00f3lo est\u00e1 incluida en el precio del servicio cuando la p\u00e9rdida del contenido sea debida a causas atribuibles a Hyll Consulting OE.<\/span><\/p>\n<h4><strong>Comunicaciones comerciales<\/strong><\/h4>\n<p><span style=\"font-weight: 400;\">En aplicaci\u00f3n de la LSSI. Hyll Consulting OE no enviar\u00e1 comunicaciones publicitarias o promocionales por correo electr\u00f3nico u otro medio de comunicaci\u00f3n electr\u00f3nica equivalente que previamente no hubieran sido solicitadas o expresamente autorizadas por los destinatarios de las mismas. <\/span><\/p>\n<p><span style=\"font-weight: 400;\">En el caso de usuarios con los que exista una relaci\u00f3n contractual previa, Hyll Consulting OE s\u00ed est\u00e1 autorizado al env\u00edo de comunicaciones comerciales referentes a productos o servicios de Hyll Consulting OE que sean similares a los que inicialmente fueron objeto de contrataci\u00f3n con el cliente.<\/span><\/p>\n<p><span style=\"font-weight: 400;\">En todo caso, el usuario, tras acreditar su identidad, podr\u00e1 solicitar que no se le haga llegar m\u00e1s informaci\u00f3n comercial a trav\u00e9s de los canales de Atenci\u00f3n al Cliente.<\/span><\/p>\n<\/header>\n<\/div>\n<\/div>\n<\/div>\n","protected":false},"excerpt":{"rendered":"<p>PROTECCI\u00d3N DE DATOS DE CAR\u00c1CTER PERSONAL SEG\u00daN LA RGPD Hyll Consulting OE, en aplicaci\u00f3n de la normativa vigente en materia de protecci\u00f3n de datos de car\u00e1cter personal, informa que los datos personales que se recogen a trav\u00e9s de los formularios del Sitio web: https:\/\/hyll.education, se incluyen en los ficheros automatizados espec\u00edficos de usuarios de los [&hellip;]<\/p>\n","protected":false},"author":1,"featured_media":0,"parent":0,"menu_order":0,"comment_status":"closed","ping_status":"open","template":"","meta":{"_acf_changed":false,"_monsterinsights_skip_tracking":false,"_monsterinsights_sitenote_active":false,"_monsterinsights_sitenote_note":"","_monsterinsights_sitenote_category":0,"footnotes":""},"class_list":["post-4314","page","type-page","status-publish","hentry"],"acf":[],"yoast_head":"<!-- This site is optimized with the Yoast SEO Premium plugin v27.4 (Yoast SEO v27.4) - https:\/\/yoast.com\/product\/yoast-seo-premium-wordpress\/ -->\n<title>Pol\u00edtica de privacidad - Hyll<\/title>\n<meta name=\"robots\" content=\"index, follow, max-snippet:-1, max-image-preview:large, max-video-preview:-1\" \/>\n<link rel=\"canonical\" href=\"https:\/\/hyll.education\/es\/politica-de-privacidad\/\" \/>\n<meta property=\"og:locale\" content=\"es_ES\" \/>\n<meta property=\"og:type\" content=\"article\" \/>\n<meta property=\"og:title\" content=\"Pol\u00edtica de privacidad\" \/>\n<meta property=\"og:description\" content=\"PROTECCI\u00d3N DE DATOS DE CAR\u00c1CTER PERSONAL SEG\u00daN LA RGPD Hyll Consulting OE, en aplicaci\u00f3n de la normativa vigente en materia de protecci\u00f3n de datos de car\u00e1cter personal, informa que los datos personales que se recogen a trav\u00e9s de los formularios del Sitio web: https:\/\/hyll.education, se incluyen en los ficheros automatizados espec\u00edficos de usuarios de los [&hellip;]\" \/>\n<meta property=\"og:url\" content=\"https:\/\/hyll.education\/es\/politica-de-privacidad\/\" \/>\n<meta property=\"og:site_name\" content=\"Hyll\" \/>\n<meta property=\"article:modified_time\" content=\"2025-02-26T15:59:05+00:00\" \/>\n<meta name=\"twitter:card\" content=\"summary_large_image\" \/>\n<meta name=\"twitter:label1\" content=\"Tiempo de lectura\" \/>\n\t<meta name=\"twitter:data1\" content=\"8 minutos\" \/>\n<script type=\"application\/ld+json\" class=\"yoast-schema-graph\">{\"@context\":\"https:\\\/\\\/schema.org\",\"@graph\":[{\"@type\":\"WebPage\",\"@id\":\"https:\\\/\\\/hyll.education\\\/es\\\/politica-de-privacidad\\\/\",\"url\":\"https:\\\/\\\/hyll.education\\\/es\\\/politica-de-privacidad\\\/\",\"name\":\"Pol\u00edtica de privacidad - Hyll\",\"isPartOf\":{\"@id\":\"https:\\\/\\\/hyll.education\\\/es\\\/#website\"},\"datePublished\":\"2024-05-31T15:45:09+00:00\",\"dateModified\":\"2025-02-26T15:59:05+00:00\",\"breadcrumb\":{\"@id\":\"https:\\\/\\\/hyll.education\\\/es\\\/politica-de-privacidad\\\/#breadcrumb\"},\"inLanguage\":\"es\",\"potentialAction\":[{\"@type\":\"ReadAction\",\"target\":[\"https:\\\/\\\/hyll.education\\\/es\\\/politica-de-privacidad\\\/\"]}]},{\"@type\":\"BreadcrumbList\",\"@id\":\"https:\\\/\\\/hyll.education\\\/es\\\/politica-de-privacidad\\\/#breadcrumb\",\"itemListElement\":[{\"@type\":\"ListItem\",\"position\":1,\"name\":\"Home\",\"item\":\"https:\\\/\\\/hyll.education\\\/es\\\/home\\\/\"},{\"@type\":\"ListItem\",\"position\":2,\"name\":\"Pol\u00edtica de privacidad\"}]},{\"@type\":\"WebSite\",\"@id\":\"https:\\\/\\\/hyll.education\\\/es\\\/#website\",\"url\":\"https:\\\/\\\/hyll.education\\\/es\\\/\",\"name\":\"Hyll\",\"description\":\"College Consulting\",\"publisher\":{\"@id\":\"https:\\\/\\\/hyll.education\\\/es\\\/#organization\"},\"potentialAction\":[{\"@type\":\"SearchAction\",\"target\":{\"@type\":\"EntryPoint\",\"urlTemplate\":\"https:\\\/\\\/hyll.education\\\/es\\\/?s={search_term_string}\"},\"query-input\":{\"@type\":\"PropertyValueSpecification\",\"valueRequired\":true,\"valueName\":\"search_term_string\"}}],\"inLanguage\":\"es\"},{\"@type\":\"Organization\",\"@id\":\"https:\\\/\\\/hyll.education\\\/es\\\/#organization\",\"name\":\"Hyll\",\"url\":\"https:\\\/\\\/hyll.education\\\/es\\\/\",\"logo\":{\"@type\":\"ImageObject\",\"inLanguage\":\"es\",\"@id\":\"https:\\\/\\\/hyll.education\\\/es\\\/#\\\/schema\\\/logo\\\/image\\\/\",\"url\":\"https:\\\/\\\/hyll.education\\\/wp-content\\\/uploads\\\/2024\\\/07\\\/Recurso-1.svg\",\"contentUrl\":\"https:\\\/\\\/hyll.education\\\/wp-content\\\/uploads\\\/2024\\\/07\\\/Recurso-1.svg\",\"width\":139,\"height\":57,\"caption\":\"Hyll\"},\"image\":{\"@id\":\"https:\\\/\\\/hyll.education\\\/es\\\/#\\\/schema\\\/logo\\\/image\\\/\"}}]}<\/script>\n<!-- \/ Yoast SEO Premium plugin. -->","yoast_head_json":{"title":"Pol\u00edtica de privacidad - Hyll","robots":{"index":"index","follow":"follow","max-snippet":"max-snippet:-1","max-image-preview":"max-image-preview:large","max-video-preview":"max-video-preview:-1"},"canonical":"https:\/\/hyll.education\/es\/politica-de-privacidad\/","og_locale":"es_ES","og_type":"article","og_title":"Pol\u00edtica de privacidad","og_description":"PROTECCI\u00d3N DE DATOS DE CAR\u00c1CTER PERSONAL SEG\u00daN LA RGPD Hyll Consulting OE, en aplicaci\u00f3n de la normativa vigente en materia de protecci\u00f3n de datos de car\u00e1cter personal, informa que los datos personales que se recogen a trav\u00e9s de los formularios del Sitio web: https:\/\/hyll.education, se incluyen en los ficheros automatizados espec\u00edficos de usuarios de los [&hellip;]","og_url":"https:\/\/hyll.education\/es\/politica-de-privacidad\/","og_site_name":"Hyll","article_modified_time":"2025-02-26T15:59:05+00:00","twitter_card":"summary_large_image","twitter_misc":{"Tiempo de lectura":"8 minutos"},"schema":{"@context":"https:\/\/schema.org","@graph":[{"@type":"WebPage","@id":"https:\/\/hyll.education\/es\/politica-de-privacidad\/","url":"https:\/\/hyll.education\/es\/politica-de-privacidad\/","name":"Pol\u00edtica de privacidad - Hyll","isPartOf":{"@id":"https:\/\/hyll.education\/es\/#website"},"datePublished":"2024-05-31T15:45:09+00:00","dateModified":"2025-02-26T15:59:05+00:00","breadcrumb":{"@id":"https:\/\/hyll.education\/es\/politica-de-privacidad\/#breadcrumb"},"inLanguage":"es","potentialAction":[{"@type":"ReadAction","target":["https:\/\/hyll.education\/es\/politica-de-privacidad\/"]}]},{"@type":"BreadcrumbList","@id":"https:\/\/hyll.education\/es\/politica-de-privacidad\/#breadcrumb","itemListElement":[{"@type":"ListItem","position":1,"name":"Home","item":"https:\/\/hyll.education\/es\/home\/"},{"@type":"ListItem","position":2,"name":"Pol\u00edtica de privacidad"}]},{"@type":"WebSite","@id":"https:\/\/hyll.education\/es\/#website","url":"https:\/\/hyll.education\/es\/","name":"Hyll","description":"College Consulting","publisher":{"@id":"https:\/\/hyll.education\/es\/#organization"},"potentialAction":[{"@type":"SearchAction","target":{"@type":"EntryPoint","urlTemplate":"https:\/\/hyll.education\/es\/?s={search_term_string}"},"query-input":{"@type":"PropertyValueSpecification","valueRequired":true,"valueName":"search_term_string"}}],"inLanguage":"es"},{"@type":"Organization","@id":"https:\/\/hyll.education\/es\/#organization","name":"Hyll","url":"https:\/\/hyll.education\/es\/","logo":{"@type":"ImageObject","inLanguage":"es","@id":"https:\/\/hyll.education\/es\/#\/schema\/logo\/image\/","url":"https:\/\/hyll.education\/wp-content\/uploads\/2024\/07\/Recurso-1.svg","contentUrl":"https:\/\/hyll.education\/wp-content\/uploads\/2024\/07\/Recurso-1.svg","width":139,"height":57,"caption":"Hyll"},"image":{"@id":"https:\/\/hyll.education\/es\/#\/schema\/logo\/image\/"}}]}},"_links":{"self":[{"href":"https:\/\/hyll.education\/es\/wp-json\/wp\/v2\/pages\/4314","targetHints":{"allow":["GET"]}}],"collection":[{"href":"https:\/\/hyll.education\/es\/wp-json\/wp\/v2\/pages"}],"about":[{"href":"https:\/\/hyll.education\/es\/wp-json\/wp\/v2\/types\/page"}],"author":[{"embeddable":true,"href":"https:\/\/hyll.education\/es\/wp-json\/wp\/v2\/users\/1"}],"replies":[{"embeddable":true,"href":"https:\/\/hyll.education\/es\/wp-json\/wp\/v2\/comments?post=4314"}],"version-history":[{"count":1,"href":"https:\/\/hyll.education\/es\/wp-json\/wp\/v2\/pages\/4314\/revisions"}],"predecessor-version":[{"id":4316,"href":"https:\/\/hyll.education\/es\/wp-json\/wp\/v2\/pages\/4314\/revisions\/4316"}],"wp:attachment":[{"href":"https:\/\/hyll.education\/es\/wp-json\/wp\/v2\/media?parent=4314"}],"curies":[{"name":"wp","href":"https:\/\/api.w.org\/{rel}","templated":true}]}}