{"id":4311,"date":"2024-05-31T19:26:04","date_gmt":"2024-05-31T17:26:04","guid":{"rendered":"https:\/\/hyll.education\/ponte-en-contacto-con\/"},"modified":"2025-08-25T13:55:10","modified_gmt":"2025-08-25T11:55:10","slug":"contact","status":"publish","type":"page","link":"https:\/\/hyll.education\/es\/contact\/","title":{"rendered":"Ponte en contacto con"},"content":{"rendered":"\t\t<div data-elementor-type=\"wp-page\" data-elementor-id=\"4311\" class=\"elementor elementor-4311 elementor-34\" data-elementor-post-type=\"page\">\n\t\t\t\t<div class=\"elementor-element elementor-element-ce406ba e-con-full e-flex elementor-invisible e-con e-parent\" data-id=\"ce406ba\" data-element_type=\"container\" data-e-type=\"container\" data-settings=\"{&quot;background_background&quot;:&quot;classic&quot;,&quot;animation&quot;:&quot;fadeIn&quot;}\">\n\t\t<div class=\"elementor-element elementor-element-a70bb7c e-flex e-con-boxed e-con e-child\" data-id=\"a70bb7c\" data-element_type=\"container\" data-e-type=\"container\">\n\t\t\t\t\t<div class=\"e-con-inner\">\n\t\t\t\t<div class=\"elementor-element elementor-element-5807da6 title-page elementor-widget elementor-widget-text-editor\" data-id=\"5807da6\" data-element_type=\"widget\" data-e-type=\"widget\" data-widget_type=\"text-editor.default\">\n\t\t\t\t<div class=\"elementor-widget-container\">\n\t\t\t\t\t\t\t\t\t<h1>Contacta con nosotros<\/h1>\t\t\t\t\t\t\t\t<\/div>\n\t\t\t\t<\/div>\n\t\t\t\t<div class=\"elementor-element elementor-element-046b21f subtitle-page elementor-widget elementor-widget-text-editor\" data-id=\"046b21f\" data-element_type=\"widget\" data-e-type=\"widget\" data-widget_type=\"text-editor.default\">\n\t\t\t\t<div class=\"elementor-widget-container\">\n\t\t\t\t\t\t\t\t\t<div class=\"page\" title=\"P\u00e1gina 7\"><div class=\"layoutArea\"><div class=\"column\"><h2>\u00a1Encantados de ayudarte!<\/h2><\/div><\/div><\/div>\t\t\t\t\t\t\t\t<\/div>\n\t\t\t\t<\/div>\n\t\t\t\t\t<\/div>\n\t\t\t\t<\/div>\n\t\t\t\t<\/div>\n\t\t<div class=\"elementor-element elementor-element-2fd37d0 e-con-full e-flex e-con e-parent\" data-id=\"2fd37d0\" data-element_type=\"container\" data-e-type=\"container\">\n\t\t\t\t<div class=\"elementor-element elementor-element-9052b84 elementor-invisible elementor-widget elementor-widget-image\" data-id=\"9052b84\" data-element_type=\"widget\" data-e-type=\"widget\" data-settings=\"{&quot;_animation&quot;:&quot;fadeIn&quot;}\" data-widget_type=\"image.default\">\n\t\t\t\t<div class=\"elementor-widget-container\">\n\t\t\t\t\t\t\t\t\t\t\t\t\t\t\t<img fetchpriority=\"high\" decoding=\"async\" width=\"900\" height=\"331\" src=\"https:\/\/hyll.education\/wp-content\/uploads\/2024\/06\/contact-hyll.png\" class=\"attachment-full size-full wp-image-4054\" alt=\"Students woking for the test preparation\" srcset=\"https:\/\/hyll.education\/wp-content\/uploads\/2024\/06\/contact-hyll.png 900w, https:\/\/hyll.education\/wp-content\/uploads\/2024\/06\/contact-hyll-300x110.png 300w, https:\/\/hyll.education\/wp-content\/uploads\/2024\/06\/contact-hyll-768x282.png 768w\" sizes=\"(max-width: 900px) 100vw, 900px\" \/>\t\t\t\t\t\t\t\t\t\t\t\t\t\t\t<\/div>\n\t\t\t\t<\/div>\n\t\t\t\t<\/div>\n\t\t<div class=\"elementor-element elementor-element-da57826 e-flex e-con-boxed elementor-invisible e-con e-parent\" data-id=\"da57826\" data-element_type=\"container\" data-e-type=\"container\" data-settings=\"{&quot;animation&quot;:&quot;fadeIn&quot;}\">\n\t\t\t\t\t<div class=\"e-con-inner\">\n\t\t<div class=\"elementor-element elementor-element-da91abc e-con-full e-flex e-con e-child\" data-id=\"da91abc\" data-element_type=\"container\" data-e-type=\"container\">\n\t\t<div class=\"elementor-element elementor-element-055af3b e-con-full e-flex e-con e-child\" data-id=\"055af3b\" data-element_type=\"container\" data-e-type=\"container\">\n\t\t\t\t<div class=\"elementor-element elementor-element-f469ab4 elementor-widget__width-initial elementor-widget elementor-widget-text-editor\" data-id=\"f469ab4\" data-element_type=\"widget\" data-e-type=\"widget\" data-widget_type=\"text-editor.default\">\n\t\t\t\t<div class=\"elementor-widget-container\">\n\t\t\t\t\t\t\t\t\t<div class=\"page\" title=\"P\u00e1gina 1\"><div class=\"section\"><div class=\"layoutArea\"><div class=\"column\"><p>Con sede en Valencia, pero al servicio de estudiantes de todo el mundo.<\/p><\/div><\/div><\/div><\/div>\t\t\t\t\t\t\t\t<\/div>\n\t\t\t\t<\/div>\n\t\t\t\t<\/div>\n\t\t\t\t<\/div>\n\t\t<div class=\"elementor-element elementor-element-d7984fa e-con-full e-flex e-con e-child\" data-id=\"d7984fa\" data-element_type=\"container\" data-e-type=\"container\">\n\t\t\t\t<div class=\"elementor-element elementor-element-58ca5f5 elementor-widget__width-initial elementor-widget elementor-widget-text-editor\" data-id=\"58ca5f5\" data-element_type=\"widget\" data-e-type=\"widget\" data-widget_type=\"text-editor.default\">\n\t\t\t\t<div class=\"elementor-widget-container\">\n\t\t\t\t\t\t\t\t\t<div class=\"page\" title=\"P\u00e1gina 1\"><div class=\"section\"><div class=\"layoutArea\"><div class=\"column\"><p>Hyll Education ofrece asesoramiento personalizado tanto a aspirantes como a estudiantes universitarios con el objetivo de garantizar que su experiencia sea significativa, agradable y satisfactoria. Nuestros asesores ayudan a los estudiantes a superar los numerosos retos inherentes a la elecci\u00f3n de universidad y\/o carrera, la transici\u00f3n de la ense\u00f1anza secundaria a la superior y el florecimiento en el entorno universitario.<\/p><\/div><\/div><\/div><\/div>\t\t\t\t\t\t\t\t<\/div>\n\t\t\t\t<\/div>\n\t\t\t\t<\/div>\n\t\t\t\t\t<\/div>\n\t\t\t\t<\/div>\n\t\t<section class=\"elementor-element elementor-element-33356813 e-flex e-con-boxed elementor-invisible e-con e-parent\" data-id=\"33356813\" data-element_type=\"container\" data-e-type=\"container\" data-settings=\"{&quot;animation&quot;:&quot;fadeIn&quot;}\">\n\t\t\t\t\t<div class=\"e-con-inner\">\n\t\t<div class=\"elementor-element elementor-element-5c25e8e3 e-con-full e-flex e-con e-child\" data-id=\"5c25e8e3\" data-element_type=\"container\" data-e-type=\"container\">\n\t\t\t\t<div class=\"elementor-element elementor-element-654d7d80 elementor-widget elementor-widget-text-editor\" data-id=\"654d7d80\" data-element_type=\"widget\" data-e-type=\"widget\" data-widget_type=\"text-editor.default\">\n\t\t\t\t<div class=\"elementor-widget-container\">\n\t\t\t\t\t\t\t\t\t<h3>Contacta con nosotros<\/h3>\t\t\t\t\t\t\t\t<\/div>\n\t\t\t\t<\/div>\n\t\t\t\t<\/div>\n\t\t<div class=\"elementor-element elementor-element-5f0f84d6 e-con-full e-flex e-con e-child\" data-id=\"5f0f84d6\" data-element_type=\"container\" data-e-type=\"container\">\n\t\t<div class=\"elementor-element elementor-element-3d13c613 e-con-full e-flex e-con e-child\" data-id=\"3d13c613\" data-element_type=\"container\" data-e-type=\"container\">\n\t\t\t\t<div class=\"elementor-element elementor-element-4a155cdd elementor-widget elementor-widget-theme-site-logo elementor-widget-image\" data-id=\"4a155cdd\" data-element_type=\"widget\" data-e-type=\"widget\" data-widget_type=\"theme-site-logo.default\">\n\t\t\t\t<div class=\"elementor-widget-container\">\n\t\t\t\t\t\t\t\t\t\t\t<img decoding=\"async\" width=\"139\" height=\"57\" src=\"https:\/\/hyll.education\/wp-content\/uploads\/2024\/07\/Recurso-1.svg\" class=\"attachment-full size-full wp-image-3030\" alt=\"Logo Hyll Education\" \/>\t\t\t\t\t\t\t\t\t\t\t\t<\/div>\n\t\t\t\t<\/div>\n\t\t\t\t<div class=\"elementor-element elementor-element-6c72c6a8 elementor-widget__width-inherit elementor-widget elementor-widget-global elementor-global-1673 elementor-widget-text-editor\" data-id=\"6c72c6a8\" data-element_type=\"widget\" data-e-type=\"widget\" data-widget_type=\"text-editor.default\">\n\t\t\t\t<div class=\"elementor-widget-container\">\n\t\t\t\t\t\t\t\t\t<p>United States +1<strong><b> 617 395 6839<br \/><\/b><\/strong>Europe +34 <strong><b>628 80 49 01<br \/><\/b><\/strong><a style=\"margin: 0;\" href=\"mailto:info@hyll.education\">info@hyll.education<\/a><\/p>\t\t\t\t\t\t\t\t<\/div>\n\t\t\t\t<\/div>\n\t\t\t\t<\/div>\n\t\t<div class=\"elementor-element elementor-element-4cd3c9d e-con-full e-flex e-con e-child\" data-id=\"4cd3c9d\" data-element_type=\"container\" data-e-type=\"container\">\n\t\t\t\t<div class=\"elementor-element elementor-element-439bc6c9 elementor-button-align-stretch elementor-widget elementor-widget-global elementor-global-4455 elementor-global-733 elementor-widget-form\" data-id=\"439bc6c9\" data-element_type=\"widget\" data-e-type=\"widget\" data-settings=\"{&quot;button_width&quot;:&quot;20&quot;,&quot;step_next_label&quot;:&quot;Siguiente&quot;,&quot;step_previous_label&quot;:&quot;Anterior&quot;,&quot;step_type&quot;:&quot;number_text&quot;,&quot;step_icon_shape&quot;:&quot;circle&quot;}\" data-widget_type=\"form.default\">\n\t\t\t\t<div class=\"elementor-widget-container\">\n\t\t\t\t\t\t\t<form class=\"elementor-form\" method=\"post\" name=\"Nuevo formulario\">\n\t\t\t<input type=\"hidden\" name=\"post_id\" value=\"4311\"\/>\n\t\t\t<input type=\"hidden\" name=\"form_id\" value=\"439bc6c9\"\/>\n\t\t\t<input type=\"hidden\" name=\"referer_title\" value=\"Hyll\" \/>\n\n\t\t\t\n\t\t\t<div class=\"elementor-form-fields-wrapper elementor-labels-above\">\n\t\t\t\t\t\t\t\t<div class=\"elementor-field-type-text elementor-field-group elementor-column elementor-field-group-name elementor-col-100\">\n\t\t\t\t\t\t\t\t\t\t\t\t<label for=\"form-field-name\" class=\"elementor-field-label\">\n\t\t\t\t\t\t\t\tNombre\t\t\t\t\t\t\t<\/label>\n\t\t\t\t\t\t\t\t\t\t\t\t\t\t<input size=\"1\" type=\"text\" name=\"form_fields[name]\" id=\"form-field-name\" class=\"elementor-field elementor-size-sm  elementor-field-textual\">\n\t\t\t\t\t\t\t\t\t\t\t<\/div>\n\t\t\t\t\t\t\t\t<div class=\"elementor-field-type-tel elementor-field-group elementor-column elementor-field-group-field_50a5b2c elementor-col-100\">\n\t\t\t\t\t\t\t\t\t\t\t\t<label for=\"form-field-field_50a5b2c\" class=\"elementor-field-label\">\n\t\t\t\t\t\t\t\tTel\u00e9fono\t\t\t\t\t\t\t<\/label>\n\t\t\t\t\t\t\t\t<input size=\"1\" type=\"tel\" name=\"form_fields[field_50a5b2c]\" id=\"form-field-field_50a5b2c\" class=\"elementor-field elementor-size-sm  elementor-field-textual\" pattern=\"[0-9()#&amp;+*-=.]+\" title=\"Solo se aceptan n\u00fameros y caracteres de tel\u00e9fono (#,-,*,etc).\">\n\n\t\t\t\t\t\t<\/div>\n\t\t\t\t\t\t\t\t<div class=\"elementor-field-type-email elementor-field-group elementor-column elementor-field-group-email elementor-col-100 elementor-field-required\">\n\t\t\t\t\t\t\t\t\t\t\t\t<label for=\"form-field-email\" class=\"elementor-field-label\">\n\t\t\t\t\t\t\t\tCorreo electr\u00f3nico\t\t\t\t\t\t\t<\/label>\n\t\t\t\t\t\t\t\t\t\t\t\t\t\t<input size=\"1\" type=\"email\" name=\"form_fields[email]\" id=\"form-field-email\" class=\"elementor-field elementor-size-sm  elementor-field-textual\" required=\"required\">\n\t\t\t\t\t\t\t\t\t\t\t<\/div>\n\t\t\t\t\t\t\t\t<div class=\"elementor-field-type-textarea elementor-field-group elementor-column elementor-field-group-message elementor-col-100 elementor-field-required\">\n\t\t\t\t\t\t\t\t\t\t\t\t<label for=\"form-field-message\" class=\"elementor-field-label\">\n\t\t\t\t\t\t\t\tMensaje*.\t\t\t\t\t\t\t<\/label>\n\t\t\t\t\t\t<textarea class=\"elementor-field-textual elementor-field  elementor-size-sm\" name=\"form_fields[message]\" id=\"form-field-message\" rows=\"4\" required=\"required\"><\/textarea>\t\t\t\t<\/div>\n\t\t\t\t\t\t\t\t<div class=\"elementor-field-type-hidden elementor-field-group elementor-column elementor-field-group-field_9b749c1 elementor-col-100\">\n\t\t\t\t\t\t\t\t\t\t\t\t\t<input size=\"1\" type=\"hidden\" name=\"form_fields[field_9b749c1]\" id=\"form-field-field_9b749c1\" class=\"elementor-field elementor-size-sm  elementor-field-textual\">\n\t\t\t\t\t\t\t\t\t\t\t<\/div>\n\t\t\t\t\t\t\t\t<div class=\"elementor-field-type-acceptance elementor-field-group elementor-column elementor-field-group-field_45fa618 elementor-col-100 elementor-field-required\">\n\t\t\t\t\t\t\t<div class=\"elementor-field-subgroup\">\n\t\t\t<span class=\"elementor-field-option\">\n\t\t\t\t<input type=\"checkbox\" name=\"form_fields[field_45fa618]\" id=\"form-field-field_45fa618\" class=\"elementor-field elementor-size-sm  elementor-acceptance-field\" required=\"required\">\n\t\t\t\t<label for=\"form-field-field_45fa618\">Al enviar este formulario aceptas nuestra pol\u00edtica de privacidad.<\/label>\t\t\t<\/span>\n\t\t<\/div>\n\t\t\t\t\t\t<\/div>\n\t\t\t\t\t\t\t\t<div class=\"elementor-field-group elementor-column elementor-field-type-submit elementor-col-20 e-form__buttons\">\n\t\t\t\t\t<button class=\"elementor-button elementor-size-sm elementor-animation-shrink\" type=\"submit\">\n\t\t\t\t\t\t<span class=\"elementor-button-content-wrapper\">\n\t\t\t\t\t\t\t\t\t\t\t\t\t\t\t\t\t\t\t\t\t\t<span class=\"elementor-button-text\">Enviar.<\/span>\n\t\t\t\t\t\t\t\t\t\t\t\t\t<\/span>\n\t\t\t\t\t<\/button>\n\t\t\t\t<\/div>\n\t\t\t<\/div>\n\t\t<\/form>\n\t\t\t\t\t\t<\/div>\n\t\t\t\t<\/div>\n\t\t\t\t<\/div>\n\t\t\t\t<\/div>\n\t\t\t\t\t<\/div>\n\t\t\t\t<\/section>\n\t\t\t\t<\/div>\n\t\t","protected":false},"excerpt":{"rendered":"<p>Contacta con nosotros \u00a1Encantados de ayudarte! Con sede en Valencia, pero al servicio de estudiantes de todo el mundo. Hyll Education ofrece asesoramiento personalizado tanto a aspirantes como a estudiantes universitarios con el objetivo de garantizar que su experiencia sea significativa, agradable y satisfactoria. Nuestros asesores ayudan a los estudiantes a superar los numerosos retos [&hellip;]<\/p>\n","protected":false},"author":1,"featured_media":0,"parent":0,"menu_order":0,"comment_status":"closed","ping_status":"closed","template":"","meta":{"_acf_changed":false,"_monsterinsights_skip_tracking":false,"_monsterinsights_sitenote_active":false,"_monsterinsights_sitenote_note":"","_monsterinsights_sitenote_category":0,"footnotes":""},"class_list":["post-4311","page","type-page","status-publish","hentry"],"acf":[],"yoast_head":"<!-- This site is optimized with the Yoast SEO Premium plugin v27.4 (Yoast SEO v27.4) - https:\/\/yoast.com\/product\/yoast-seo-premium-wordpress\/ -->\n<title>Ponte en contacto con nosotros, \u00a1estaremos encantados de ayudarte y orientarte! - Hyll Educaci\u00f3n<\/title>\n<meta name=\"description\" content=\"Ponte en contacto con nosotros y nuestros asesores estar\u00e1n encantados de ayudar a los estudiantes a superar los numerosos retos inherentes a la transici\u00f3n a la universidad.\" \/>\n<meta name=\"robots\" content=\"index, follow, max-snippet:-1, max-image-preview:large, max-video-preview:-1\" \/>\n<link rel=\"canonical\" href=\"https:\/\/hyll.education\/es\/contact\/\" \/>\n<meta property=\"og:locale\" content=\"es_ES\" \/>\n<meta property=\"og:type\" content=\"article\" \/>\n<meta property=\"og:title\" content=\"Ponte en contacto con\" \/>\n<meta property=\"og:description\" content=\"Ponte en contacto con nosotros y nuestros asesores estar\u00e1n encantados de ayudar a los estudiantes a superar los numerosos retos inherentes a la transici\u00f3n a la universidad.\" \/>\n<meta property=\"og:url\" content=\"https:\/\/hyll.education\/es\/contact\/\" \/>\n<meta property=\"og:site_name\" content=\"Hyll\" \/>\n<meta property=\"article:modified_time\" content=\"2025-08-25T11:55:10+00:00\" \/>\n<meta property=\"og:image\" content=\"https:\/\/hyll.education\/wp-content\/uploads\/2024\/06\/contact-hyll.png\" \/>\n\t<meta property=\"og:image:width\" content=\"900\" \/>\n\t<meta property=\"og:image:height\" content=\"331\" \/>\n\t<meta property=\"og:image:type\" content=\"image\/png\" \/>\n<meta name=\"twitter:card\" content=\"summary_large_image\" \/>\n<script type=\"application\/ld+json\" class=\"yoast-schema-graph\">{\"@context\":\"https:\\\/\\\/schema.org\",\"@graph\":[{\"@type\":\"WebPage\",\"@id\":\"https:\\\/\\\/hyll.education\\\/es\\\/contact\\\/\",\"url\":\"https:\\\/\\\/hyll.education\\\/es\\\/contact\\\/\",\"name\":\"Ponte en contacto con nosotros, \u00a1estaremos encantados de ayudarte y orientarte! - Hyll Educaci\u00f3n\",\"isPartOf\":{\"@id\":\"https:\\\/\\\/hyll.education\\\/es\\\/#website\"},\"primaryImageOfPage\":{\"@id\":\"https:\\\/\\\/hyll.education\\\/es\\\/contact\\\/#primaryimage\"},\"image\":{\"@id\":\"https:\\\/\\\/hyll.education\\\/es\\\/contact\\\/#primaryimage\"},\"thumbnailUrl\":\"https:\\\/\\\/hyll.education\\\/wp-content\\\/uploads\\\/2024\\\/06\\\/contact-hyll.png\",\"datePublished\":\"2024-05-31T17:26:04+00:00\",\"dateModified\":\"2025-08-25T11:55:10+00:00\",\"description\":\"Ponte en contacto con nosotros y nuestros asesores estar\u00e1n encantados de ayudar a los estudiantes a superar los numerosos retos inherentes a la transici\u00f3n a la universidad.\",\"breadcrumb\":{\"@id\":\"https:\\\/\\\/hyll.education\\\/es\\\/contact\\\/#breadcrumb\"},\"inLanguage\":\"es\",\"potentialAction\":[{\"@type\":\"ReadAction\",\"target\":[\"https:\\\/\\\/hyll.education\\\/es\\\/contact\\\/\"]}]},{\"@type\":\"ImageObject\",\"inLanguage\":\"es\",\"@id\":\"https:\\\/\\\/hyll.education\\\/es\\\/contact\\\/#primaryimage\",\"url\":\"https:\\\/\\\/hyll.education\\\/wp-content\\\/uploads\\\/2024\\\/06\\\/contact-hyll.png\",\"contentUrl\":\"https:\\\/\\\/hyll.education\\\/wp-content\\\/uploads\\\/2024\\\/06\\\/contact-hyll.png\"},{\"@type\":\"BreadcrumbList\",\"@id\":\"https:\\\/\\\/hyll.education\\\/es\\\/contact\\\/#breadcrumb\",\"itemListElement\":[{\"@type\":\"ListItem\",\"position\":1,\"name\":\"Home\",\"item\":\"https:\\\/\\\/hyll.education\\\/es\\\/home\\\/\"},{\"@type\":\"ListItem\",\"position\":2,\"name\":\"Ponte en contacto con\"}]},{\"@type\":\"WebSite\",\"@id\":\"https:\\\/\\\/hyll.education\\\/es\\\/#website\",\"url\":\"https:\\\/\\\/hyll.education\\\/es\\\/\",\"name\":\"Hyll\",\"description\":\"College Consulting\",\"publisher\":{\"@id\":\"https:\\\/\\\/hyll.education\\\/es\\\/#organization\"},\"potentialAction\":[{\"@type\":\"SearchAction\",\"target\":{\"@type\":\"EntryPoint\",\"urlTemplate\":\"https:\\\/\\\/hyll.education\\\/es\\\/?s={search_term_string}\"},\"query-input\":{\"@type\":\"PropertyValueSpecification\",\"valueRequired\":true,\"valueName\":\"search_term_string\"}}],\"inLanguage\":\"es\"},{\"@type\":\"Organization\",\"@id\":\"https:\\\/\\\/hyll.education\\\/es\\\/#organization\",\"name\":\"Hyll\",\"url\":\"https:\\\/\\\/hyll.education\\\/es\\\/\",\"logo\":{\"@type\":\"ImageObject\",\"inLanguage\":\"es\",\"@id\":\"https:\\\/\\\/hyll.education\\\/es\\\/#\\\/schema\\\/logo\\\/image\\\/\",\"url\":\"https:\\\/\\\/hyll.education\\\/wp-content\\\/uploads\\\/2024\\\/07\\\/Recurso-1.svg\",\"contentUrl\":\"https:\\\/\\\/hyll.education\\\/wp-content\\\/uploads\\\/2024\\\/07\\\/Recurso-1.svg\",\"width\":139,\"height\":57,\"caption\":\"Hyll\"},\"image\":{\"@id\":\"https:\\\/\\\/hyll.education\\\/es\\\/#\\\/schema\\\/logo\\\/image\\\/\"}}]}<\/script>\n<!-- \/ Yoast SEO Premium plugin. -->","yoast_head_json":{"title":"Ponte en contacto con nosotros, \u00a1estaremos encantados de ayudarte y orientarte! - Hyll Educaci\u00f3n","description":"Ponte en contacto con nosotros y nuestros asesores estar\u00e1n encantados de ayudar a los estudiantes a superar los numerosos retos inherentes a la transici\u00f3n a la universidad.","robots":{"index":"index","follow":"follow","max-snippet":"max-snippet:-1","max-image-preview":"max-image-preview:large","max-video-preview":"max-video-preview:-1"},"canonical":"https:\/\/hyll.education\/es\/contact\/","og_locale":"es_ES","og_type":"article","og_title":"Ponte en contacto con","og_description":"Ponte en contacto con nosotros y nuestros asesores estar\u00e1n encantados de ayudar a los estudiantes a superar los numerosos retos inherentes a la transici\u00f3n a la universidad.","og_url":"https:\/\/hyll.education\/es\/contact\/","og_site_name":"Hyll","article_modified_time":"2025-08-25T11:55:10+00:00","og_image":[{"width":900,"height":331,"url":"https:\/\/hyll.education\/wp-content\/uploads\/2024\/06\/contact-hyll.png","type":"image\/png"}],"twitter_card":"summary_large_image","schema":{"@context":"https:\/\/schema.org","@graph":[{"@type":"WebPage","@id":"https:\/\/hyll.education\/es\/contact\/","url":"https:\/\/hyll.education\/es\/contact\/","name":"Ponte en contacto con nosotros, \u00a1estaremos encantados de ayudarte y orientarte! - Hyll Educaci\u00f3n","isPartOf":{"@id":"https:\/\/hyll.education\/es\/#website"},"primaryImageOfPage":{"@id":"https:\/\/hyll.education\/es\/contact\/#primaryimage"},"image":{"@id":"https:\/\/hyll.education\/es\/contact\/#primaryimage"},"thumbnailUrl":"https:\/\/hyll.education\/wp-content\/uploads\/2024\/06\/contact-hyll.png","datePublished":"2024-05-31T17:26:04+00:00","dateModified":"2025-08-25T11:55:10+00:00","description":"Ponte en contacto con nosotros y nuestros asesores estar\u00e1n encantados de ayudar a los estudiantes a superar los numerosos retos inherentes a la transici\u00f3n a la universidad.","breadcrumb":{"@id":"https:\/\/hyll.education\/es\/contact\/#breadcrumb"},"inLanguage":"es","potentialAction":[{"@type":"ReadAction","target":["https:\/\/hyll.education\/es\/contact\/"]}]},{"@type":"ImageObject","inLanguage":"es","@id":"https:\/\/hyll.education\/es\/contact\/#primaryimage","url":"https:\/\/hyll.education\/wp-content\/uploads\/2024\/06\/contact-hyll.png","contentUrl":"https:\/\/hyll.education\/wp-content\/uploads\/2024\/06\/contact-hyll.png"},{"@type":"BreadcrumbList","@id":"https:\/\/hyll.education\/es\/contact\/#breadcrumb","itemListElement":[{"@type":"ListItem","position":1,"name":"Home","item":"https:\/\/hyll.education\/es\/home\/"},{"@type":"ListItem","position":2,"name":"Ponte en contacto con"}]},{"@type":"WebSite","@id":"https:\/\/hyll.education\/es\/#website","url":"https:\/\/hyll.education\/es\/","name":"Hyll","description":"College Consulting","publisher":{"@id":"https:\/\/hyll.education\/es\/#organization"},"potentialAction":[{"@type":"SearchAction","target":{"@type":"EntryPoint","urlTemplate":"https:\/\/hyll.education\/es\/?s={search_term_string}"},"query-input":{"@type":"PropertyValueSpecification","valueRequired":true,"valueName":"search_term_string"}}],"inLanguage":"es"},{"@type":"Organization","@id":"https:\/\/hyll.education\/es\/#organization","name":"Hyll","url":"https:\/\/hyll.education\/es\/","logo":{"@type":"ImageObject","inLanguage":"es","@id":"https:\/\/hyll.education\/es\/#\/schema\/logo\/image\/","url":"https:\/\/hyll.education\/wp-content\/uploads\/2024\/07\/Recurso-1.svg","contentUrl":"https:\/\/hyll.education\/wp-content\/uploads\/2024\/07\/Recurso-1.svg","width":139,"height":57,"caption":"Hyll"},"image":{"@id":"https:\/\/hyll.education\/es\/#\/schema\/logo\/image\/"}}]}},"_links":{"self":[{"href":"https:\/\/hyll.education\/es\/wp-json\/wp\/v2\/pages\/4311","targetHints":{"allow":["GET"]}}],"collection":[{"href":"https:\/\/hyll.education\/es\/wp-json\/wp\/v2\/pages"}],"about":[{"href":"https:\/\/hyll.education\/es\/wp-json\/wp\/v2\/types\/page"}],"author":[{"embeddable":true,"href":"https:\/\/hyll.education\/es\/wp-json\/wp\/v2\/users\/1"}],"replies":[{"embeddable":true,"href":"https:\/\/hyll.education\/es\/wp-json\/wp\/v2\/comments?post=4311"}],"version-history":[{"count":4,"href":"https:\/\/hyll.education\/es\/wp-json\/wp\/v2\/pages\/4311\/revisions"}],"predecessor-version":[{"id":4532,"href":"https:\/\/hyll.education\/es\/wp-json\/wp\/v2\/pages\/4311\/revisions\/4532"}],"wp:attachment":[{"href":"https:\/\/hyll.education\/es\/wp-json\/wp\/v2\/media?parent=4311"}],"curies":[{"name":"wp","href":"https:\/\/api.w.org\/{rel}","templated":true}]}}